{"id":6618,"date":"2022-07-19T08:02:53","date_gmt":"2022-07-19T06:02:53","guid":{"rendered":"https:\/\/esgrima-manresa.cat\/?page_id=6618"},"modified":"2024-08-23T21:52:55","modified_gmt":"2024-08-23T19:52:55","slug":"activitats","status":"publish","type":"page","link":"http:\/\/esgrima-manresa.cat\/es\/activitats\/","title":{"rendered":"Actividades"},"content":{"rendered":"\t\t<div data-elementor-type=\"wp-page\" data-elementor-id=\"6618\" class=\"elementor elementor-6618\" data-elementor-post-type=\"page\">\n\t\t\t\t\t\t<section class=\"elementor-section elementor-top-section elementor-element elementor-element-d09fca2 elementor-section-full_width elementor-section-height-default elementor-section-height-default\" data-id=\"d09fca2\" data-element_type=\"section\" data-e-type=\"section\" data-settings=\"{&quot;background_background&quot;:&quot;classic&quot;,&quot;background_motion_fx_motion_fx_scrolling&quot;:&quot;yes&quot;,&quot;background_motion_fx_scale_effect&quot;:&quot;yes&quot;,&quot;background_motion_fx_scale_speed&quot;:{&quot;unit&quot;:&quot;px&quot;,&quot;size&quot;:2,&quot;sizes&quot;:[]},&quot;background_motion_fx_scale_direction&quot;:&quot;out-in&quot;,&quot;background_motion_fx_scale_range&quot;:{&quot;unit&quot;:&quot;%&quot;,&quot;size&quot;:&quot;&quot;,&quot;sizes&quot;:{&quot;start&quot;:20,&quot;end&quot;:80}},&quot;background_motion_fx_devices&quot;:[&quot;desktop&quot;,&quot;tablet&quot;,&quot;mobile&quot;]}\">\n\t\t\t\t\t\t\t<div class=\"elementor-background-overlay\"><\/div>\n\t\t\t\t\t\t\t<div class=\"elementor-container elementor-column-gap-default\">\n\t\t\t\t\t<div class=\"elementor-column elementor-col-100 elementor-top-column elementor-element elementor-element-6eea63e\" data-id=\"6eea63e\" data-element_type=\"column\" data-e-type=\"column\">\n\t\t\t<div class=\"elementor-widget-wrap elementor-element-populated\">\n\t\t\t\t\t\t<section class=\"elementor-section elementor-inner-section elementor-element elementor-element-8b72dae elementor-section-boxed elementor-section-height-default elementor-section-height-default\" data-id=\"8b72dae\" data-element_type=\"section\" data-e-type=\"section\">\n\t\t\t\t\t\t<div class=\"elementor-container elementor-column-gap-default\">\n\t\t\t\t\t<div class=\"elementor-column elementor-col-100 elementor-inner-column elementor-element elementor-element-321cc8d\" data-id=\"321cc8d\" data-element_type=\"column\" data-e-type=\"column\">\n\t\t\t<div class=\"elementor-widget-wrap elementor-element-populated\">\n\t\t\t\t\t\t<div class=\"elementor-element elementor-element-31272c6 elementor-widget elementor-widget-spacer\" data-id=\"31272c6\" data-element_type=\"widget\" data-e-type=\"widget\" data-widget_type=\"spacer.default\">\n\t\t\t\t<div class=\"elementor-widget-container\">\n\t\t\t\t\t\t\t<div class=\"elementor-spacer\">\n\t\t\t<div class=\"elementor-spacer-inner\"><\/div>\n\t\t<\/div>\n\t\t\t\t\t\t<\/div>\n\t\t\t\t<\/div>\n\t\t\t\t\t<\/div>\n\t\t<\/div>\n\t\t\t\t\t<\/div>\n\t\t<\/section>\n\t\t\t\t\t<\/div>\n\t\t<\/div>\n\t\t\t\t\t<\/div>\n\t\t<\/section>\n\t\t\t\t<section class=\"elementor-section elementor-top-section elementor-element elementor-element-c183db8 elementor-section-boxed elementor-section-height-default elementor-section-height-default\" data-id=\"c183db8\" data-element_type=\"section\" data-e-type=\"section\" data-settings=\"{&quot;background_motion_fx_devices&quot;:[&quot;desktop&quot;,&quot;tablet&quot;,&quot;mobile&quot;]}\">\n\t\t\t\t\t\t<div class=\"elementor-container elementor-column-gap-default\">\n\t\t\t\t\t<div class=\"elementor-column elementor-col-100 elementor-top-column elementor-element elementor-element-b59b55d\" data-id=\"b59b55d\" data-element_type=\"column\" data-e-type=\"column\">\n\t\t\t<div class=\"elementor-widget-wrap elementor-element-populated\">\n\t\t\t\t\t\t<div class=\"elementor-element elementor-element-f6cc6aa elementor-widget elementor-widget-heading\" data-id=\"f6cc6aa\" data-element_type=\"widget\" data-e-type=\"widget\" data-widget_type=\"heading.default\">\n\t\t\t\t<div class=\"elementor-widget-container\">\n\t\t\t\t\t<h1 class=\"elementor-heading-title elementor-size-default\">Activitats<\/h1>\t\t\t\t<\/div>\n\t\t\t\t<\/div>\n\t\t\t\t<div class=\"elementor-element elementor-element-7858ebb elementor-widget elementor-widget-heading\" data-id=\"7858ebb\" data-element_type=\"widget\" data-e-type=\"widget\" data-widget_type=\"heading.default\">\n\t\t\t\t<div class=\"elementor-widget-container\">\n\t\t\t\t\t<h3 class=\"elementor-heading-title elementor-size-default\">Qu\u00e8 fem al club?<\/h3>\t\t\t\t<\/div>\n\t\t\t\t<\/div>\n\t\t\t\t<div class=\"elementor-element elementor-element-5f088ca elementor-widget elementor-widget-heading\" data-id=\"5f088ca\" data-element_type=\"widget\" data-e-type=\"widget\" data-widget_type=\"heading.default\">\n\t\t\t\t<div class=\"elementor-widget-container\">\n\t\t\t\t\t<p class=\"elementor-heading-title elementor-size-default\">Descobreix les nostres activitats, qu\u00e8 fem i tot el que mou l'esgrima a la capital del Bages. Esgrima com a esport, com a cultura i com a una experi\u00e8ncia \u00fanica. <\/p>\t\t\t\t<\/div>\n\t\t\t\t<\/div>\n\t\t\t\t\t<\/div>\n\t\t<\/div>\n\t\t\t\t\t<\/div>\n\t\t<\/section>\n\t\t\t\t<section class=\"elementor-section elementor-top-section elementor-element elementor-element-26c9d76 elementor-section-boxed elementor-section-height-default elementor-section-height-default\" data-id=\"26c9d76\" data-element_type=\"section\" data-e-type=\"section\">\n\t\t\t\t\t\t<div class=\"elementor-container elementor-column-gap-narrow\">\n\t\t\t\t\t<div class=\"elementor-column elementor-col-33 elementor-top-column elementor-element elementor-element-ef8fed5\" data-id=\"ef8fed5\" data-element_type=\"column\" data-e-type=\"column\">\n\t\t\t<div class=\"elementor-widget-wrap elementor-element-populated\">\n\t\t\t\t\t\t<div class=\"elementor-element elementor-element-8a1af30 elementor-cta--layout-image-above elementor-cta--valign-middle elementor-bg-transform elementor-bg-transform-zoom-out elementor-cta--skin-classic elementor-widget elementor-widget-call-to-action\" data-id=\"8a1af30\" data-element_type=\"widget\" data-e-type=\"widget\" data-widget_type=\"call-to-action.default\">\n\t\t\t\t<div class=\"elementor-widget-container\">\n\t\t\t\t\t\t\t<div class=\"elementor-cta\">\n\t\t\t\t\t<div class=\"elementor-cta__bg-wrapper\">\n\t\t\t\t<div class=\"elementor-cta__bg elementor-bg\" style=\"background-image: url(https:\/\/esgrima-manresa.cat\/wp-content\/uploads\/2022\/07\/SHM-G1-64-1024x683.jpg);\" role=\"img\" aria-label=\"SHM G1-64\"><\/div>\n\t\t\t\t<div class=\"elementor-cta__bg-overlay\"><\/div>\n\t\t\t<\/div>\n\t\t\t\t\t\t\t<div class=\"elementor-cta__content\">\n\t\t\t\t\n\t\t\t\t\t\t\t\t\t<h2 class=\"elementor-cta__title elementor-cta__content-item elementor-content-item\">\n\t\t\t\t\t\tEsgrima esportiva\t\t\t\t\t<\/h2>\n\t\t\t\t\n\t\t\t\t\t\t\t\t\t<div class=\"elementor-cta__description elementor-cta__content-item elementor-content-item\">\n\t\t\t\t\t\tPosa't a prova amb un esport en el que far\u00e0s servir tant el teu cos com la teva ment. Descobreix una nova manera de fer esport i de divertir-te!<br><br>\t\t\t\t\t<\/div>\n\t\t\t\t\n\t\t\t\t\t\t\t\t\t<div class=\"elementor-cta__button-wrapper elementor-cta__content-item elementor-content-item \">\n\t\t\t\t\t<a class=\"elementor-cta__button elementor-button elementor-size-\" href=\"https:\/\/esgrima-manresa.cat\/esgrima-esportiva\/\">\n\t\t\t\t\t\tVull saber m\u00e9s!\t\t\t\t\t<\/a>\n\t\t\t\t\t<\/div>\n\t\t\t\t\t\t\t<\/div>\n\t\t\t\t\t\t<\/div>\n\t\t\t\t\t\t<\/div>\n\t\t\t\t<\/div>\n\t\t\t\t\t<\/div>\n\t\t<\/div>\n\t\t\t\t<div class=\"elementor-column elementor-col-33 elementor-top-column elementor-element elementor-element-3187543\" data-id=\"3187543\" data-element_type=\"column\" data-e-type=\"column\">\n\t\t\t<div class=\"elementor-widget-wrap elementor-element-populated\">\n\t\t\t\t\t\t<div class=\"elementor-element elementor-element-74bda02 elementor-cta--layout-image-above elementor-cta--valign-middle elementor-bg-transform elementor-bg-transform-zoom-out elementor-cta--skin-classic elementor-widget elementor-widget-call-to-action\" data-id=\"74bda02\" data-element_type=\"widget\" data-e-type=\"widget\" data-widget_type=\"call-to-action.default\">\n\t\t\t\t<div class=\"elementor-widget-container\">\n\t\t\t\t\t\t\t<div class=\"elementor-cta\">\n\t\t\t\t\t<div class=\"elementor-cta__bg-wrapper\">\n\t\t\t\t<div class=\"elementor-cta__bg elementor-bg\" style=\"background-image: url(https:\/\/esgrima-manresa.cat\/wp-content\/uploads\/2022\/07\/IMG_20210414_202333-1024x768.jpg);\" role=\"img\" aria-label=\"IMG_20210414_202333\"><\/div>\n\t\t\t\t<div class=\"elementor-cta__bg-overlay\"><\/div>\n\t\t\t<\/div>\n\t\t\t\t\t\t\t<div class=\"elementor-cta__content\">\n\t\t\t\t\n\t\t\t\t\t\t\t\t\t<h2 class=\"elementor-cta__title elementor-cta__content-item elementor-content-item\">\n\t\t\t\t\t\tEsgrima antiga\t\t\t\t\t<\/h2>\n\t\t\t\t\n\t\t\t\t\t\t\t\t\t<div class=\"elementor-cta__description elementor-cta__content-item elementor-content-item\">\n\t\t\t\t\t\tDescobreix l'art de fer servir una espasa llarga de m\u00e0 i mitja. Recrea antics tractats de diferents \u00e8poques i apr\u00e8n les t\u00e8cniques per lluitar.<br><br>\t\t\t\t\t<\/div>\n\t\t\t\t\n\t\t\t\t\t\t\t\t\t<div class=\"elementor-cta__button-wrapper elementor-cta__content-item elementor-content-item \">\n\t\t\t\t\t<a class=\"elementor-cta__button elementor-button elementor-size-\" href=\"https:\/\/esgrima-manresa.cat\/esgrima-antiga\/\">\n\t\t\t\t\t\tM\u00e9s informaci\u00f3\t\t\t\t\t<\/a>\n\t\t\t\t\t<\/div>\n\t\t\t\t\t\t\t<\/div>\n\t\t\t\t\t\t<\/div>\n\t\t\t\t\t\t<\/div>\n\t\t\t\t<\/div>\n\t\t\t\t\t<\/div>\n\t\t<\/div>\n\t\t\t\t<div class=\"elementor-column elementor-col-33 elementor-top-column elementor-element elementor-element-a12dbcd\" data-id=\"a12dbcd\" data-element_type=\"column\" data-e-type=\"column\">\n\t\t\t<div class=\"elementor-widget-wrap elementor-element-populated\">\n\t\t\t\t\t\t<div class=\"elementor-element elementor-element-c00a731 elementor-cta--layout-image-above elementor-cta--valign-middle elementor-bg-transform elementor-bg-transform-zoom-out elementor-cta--skin-classic elementor-widget elementor-widget-call-to-action\" data-id=\"c00a731\" data-element_type=\"widget\" data-e-type=\"widget\" data-widget_type=\"call-to-action.default\">\n\t\t\t\t<div class=\"elementor-widget-container\">\n\t\t\t\t\t\t\t<div class=\"elementor-cta\">\n\t\t\t\t\t<div class=\"elementor-cta__bg-wrapper\">\n\t\t\t\t<div class=\"elementor-cta__bg elementor-bg\" style=\"background-image: url(https:\/\/esgrima-manresa.cat\/wp-content\/uploads\/2024\/08\/Jugger.png);\" role=\"img\" aria-label=\"Jugger\"><\/div>\n\t\t\t\t<div class=\"elementor-cta__bg-overlay\"><\/div>\n\t\t\t<\/div>\n\t\t\t\t\t\t\t<div class=\"elementor-cta__content\">\n\t\t\t\t\n\t\t\t\t\t\t\t\t\t<h2 class=\"elementor-cta__title elementor-cta__content-item elementor-content-item\">\n\t\t\t\t\t\tJugger\t\t\t\t\t<\/h2>\n\t\t\t\t\n\t\t\t\t\t\t\t\t\t<div class=\"elementor-cta__description elementor-cta__content-item elementor-content-item\">\n\t\t\t\t\t\tUn nou esport que combina l'esgrima amb el rugbi. Vine a comprovar-ho i a suar la samarreta! Gaudeix d\u2019una vessant l\u00fadica i en equip!<br><br>\t\t\t\t\t<\/div>\n\t\t\t\t\n\t\t\t\t\t\t\t\t\t<div class=\"elementor-cta__button-wrapper elementor-cta__content-item elementor-content-item \">\n\t\t\t\t\t<a class=\"elementor-cta__button elementor-button elementor-size-\" href=\"https:\/\/esgrima-manresa.cat\/jugger\/\">\n\t\t\t\t\t\tM\u00e9s informaci\u00f3\t\t\t\t\t<\/a>\n\t\t\t\t\t<\/div>\n\t\t\t\t\t\t\t<\/div>\n\t\t\t\t\t\t\t<div class=\"elementor-ribbon\">\n\t\t\t\t<div class=\"elementor-ribbon-inner\">\n\t\t\t\t\tNOVETAT\t\t\t\t<\/div>\n\t\t\t<\/div>\n\t\t\t\t<\/div>\n\t\t\t\t\t\t<\/div>\n\t\t\t\t<\/div>\n\t\t\t\t\t<\/div>\n\t\t<\/div>\n\t\t\t\t\t<\/div>\n\t\t<\/section>\n\t\t\t\t<section class=\"elementor-section elementor-top-section elementor-element elementor-element-0d8cc88 elementor-section-content-middle elementor-section-boxed elementor-section-height-default elementor-section-height-default\" data-id=\"0d8cc88\" data-element_type=\"section\" data-e-type=\"section\">\n\t\t\t\t\t\t<div class=\"elementor-container elementor-column-gap-default\">\n\t\t\t\t\t<div class=\"elementor-column elementor-col-66 elementor-top-column elementor-element elementor-element-4632f5d\" data-id=\"4632f5d\" data-element_type=\"column\" data-e-type=\"column\">\n\t\t\t<div class=\"elementor-widget-wrap elementor-element-populated\">\n\t\t\t\t\t\t<div class=\"elementor-element elementor-element-b3815ab elementor-widget elementor-widget-heading\" data-id=\"b3815ab\" data-element_type=\"widget\" data-e-type=\"widget\" data-widget_type=\"heading.default\">\n\t\t\t\t<div class=\"elementor-widget-container\">\n\t\t\t\t\t<h3 class=\"elementor-heading-title elementor-size-default\">Tamb\u00e9 oferim...<\/h3>\t\t\t\t<\/div>\n\t\t\t\t<\/div>\n\t\t\t\t<div class=\"elementor-element elementor-element-b6734cd elementor-cta--skin-cover elementor-cta--valign-middle elementor-bg-transform elementor-bg-transform-zoom-out elementor-widget elementor-widget-call-to-action\" data-id=\"b6734cd\" data-element_type=\"widget\" data-e-type=\"widget\" data-widget_type=\"call-to-action.default\">\n\t\t\t\t<div class=\"elementor-widget-container\">\n\t\t\t\t\t\t\t<div class=\"elementor-cta\">\n\t\t\t\t\t<div class=\"elementor-cta__bg-wrapper\">\n\t\t\t\t<div class=\"elementor-cta__bg elementor-bg\" style=\"background-image: url(https:\/\/esgrima-manresa.cat\/wp-content\/uploads\/2022\/07\/MaterialEscolar-768x1365.jpeg);\" role=\"img\" aria-label=\"MaterialEscolar\"><\/div>\n\t\t\t\t<div class=\"elementor-cta__bg-overlay\"><\/div>\n\t\t\t<\/div>\n\t\t\t\t\t\t\t<div class=\"elementor-cta__content\">\n\t\t\t\t\n\t\t\t\t\t\t\t\t\t<h2 class=\"elementor-cta__title elementor-cta__content-item elementor-content-item\">\n\t\t\t\t\t\tEsgrima a les escoles\t\t\t\t\t<\/h2>\n\t\t\t\t\n\t\t\t\t\t\t\t\t\t<div class=\"elementor-cta__description elementor-cta__content-item elementor-content-item\">\n\t\t\t\t\t\tPortem l'esgrima a la teva escola! Oferim monogr\u00e0fics o multisessions pel teu centre de formaci\u00f3.\t\t\t\t\t<\/div>\n\t\t\t\t\n\t\t\t\t\t\t\t\t\t<div class=\"elementor-cta__button-wrapper elementor-cta__content-item elementor-content-item \">\n\t\t\t\t\t<a class=\"elementor-cta__button elementor-button elementor-size-\" href=\"https:\/\/esgrima-manresa.cat\/esgrima-escolar\">\n\t\t\t\t\t\tM\u00e9s\t\t\t\t\t<\/a>\n\t\t\t\t\t<\/div>\n\t\t\t\t\t\t\t<\/div>\n\t\t\t\t\t\t<\/div>\n\t\t\t\t\t\t<\/div>\n\t\t\t\t<\/div>\n\t\t\t\t<div class=\"elementor-element elementor-element-8468d1b elementor-cta--skin-cover elementor-cta--valign-middle elementor-bg-transform elementor-bg-transform-zoom-out elementor-widget elementor-widget-call-to-action\" data-id=\"8468d1b\" data-element_type=\"widget\" data-e-type=\"widget\" data-widget_type=\"call-to-action.default\">\n\t\t\t\t<div class=\"elementor-widget-container\">\n\t\t\t\t\t\t\t<div class=\"elementor-cta\">\n\t\t\t\t\t<div class=\"elementor-cta__bg-wrapper\">\n\t\t\t\t<div class=\"elementor-cta__bg elementor-bg\" style=\"background-image: url(https:\/\/esgrima-manresa.cat\/wp-content\/uploads\/2022\/07\/10422114_897338456979135_7784297825127052938_n-768x576.jpg);\" role=\"img\" aria-label=\"10422114_897338456979135_7784297825127052938_n\"><\/div>\n\t\t\t\t<div class=\"elementor-cta__bg-overlay\"><\/div>\n\t\t\t<\/div>\n\t\t\t\t\t\t\t<div class=\"elementor-cta__content\">\n\t\t\t\t\n\t\t\t\t\t\t\t\t\t<h2 class=\"elementor-cta__title elementor-cta__content-item elementor-content-item\">\n\t\t\t\t\t\tEsgrima teatral\t\t\t\t\t<\/h2>\n\t\t\t\t\n\t\t\t\t\t\t\t\t\t<div class=\"elementor-cta__description elementor-cta__content-item elementor-content-item\">\n\t\t\t\t\t\tL'esgrima m\u00e9s espectacular del cinema o el teatre.\t\t\t\t\t<\/div>\n\t\t\t\t\n\t\t\t\t\t\t\t\t\t<div class=\"elementor-cta__button-wrapper elementor-cta__content-item elementor-content-item \">\n\t\t\t\t\t<a class=\"elementor-cta__button elementor-button elementor-size-\" href=\"https:\/\/esgrima-manresa.cat\/esgrima-teatral\">\n\t\t\t\t\t\tM\u00e9s\t\t\t\t\t<\/a>\n\t\t\t\t\t<\/div>\n\t\t\t\t\t\t\t<\/div>\n\t\t\t\t\t\t<\/div>\n\t\t\t\t\t\t<\/div>\n\t\t\t\t<\/div>\n\t\t\t\t\t<\/div>\n\t\t<\/div>\n\t\t\t\t<div class=\"elementor-column elementor-col-33 elementor-top-column elementor-element elementor-element-59883b6\" data-id=\"59883b6\" data-element_type=\"column\" data-e-type=\"column\">\n\t\t\t<div class=\"elementor-widget-wrap elementor-element-populated\">\n\t\t\t\t\t\t<div class=\"elementor-element elementor-element-15469df elementor-cta--layout-image-above elementor-cta--valign-middle elementor-bg-transform elementor-bg-transform-zoom-out elementor-cta--skin-classic elementor-widget elementor-widget-call-to-action\" data-id=\"15469df\" data-element_type=\"widget\" data-e-type=\"widget\" data-widget_type=\"call-to-action.default\">\n\t\t\t\t<div class=\"elementor-widget-container\">\n\t\t\t\t\t\t\t<div class=\"elementor-cta\">\n\t\t\t\t\t\t\t<div class=\"elementor-cta__content\">\n\t\t\t\t\n\t\t\t\t\t\t\t\t\t<h2 class=\"elementor-cta__title elementor-cta__content-item elementor-content-item\">\n\t\t\t\t\t\tInformaci\u00f3 i contacte\t\t\t\t\t<\/h2>\n\t\t\t\t\n\t\t\t\t\t\t\t\t\t<div class=\"elementor-cta__description elementor-cta__content-item elementor-content-item\">\n\t\t\t\t\t\tSi t'interessen les nostres activitats, contacta amb nosaltres per a poder fixar un dia de prova o per a apuntar-te a les nostres sessions. \n<br><br>\nEsgrima esportiva, antiga o Jugger, t\u00fa decideixes qu\u00e8 \u00e9s el que vols practicar!\n<br><br>\t\t\t\t\t<\/div>\n\t\t\t\t\n\t\t\t\t\t\t\t\t\t<div class=\"elementor-cta__button-wrapper elementor-cta__content-item elementor-content-item \">\n\t\t\t\t\t<a class=\"elementor-cta__button elementor-button elementor-size-\" href=\"https:\/\/esgrima-manresa.cat\/#contact\">\n\t\t\t\t\t\tContacte\t\t\t\t\t<\/a>\n\t\t\t\t\t<\/div>\n\t\t\t\t\t\t\t<\/div>\n\t\t\t\t\t\t<\/div>\n\t\t\t\t\t\t<\/div>\n\t\t\t\t<\/div>\n\t\t\t\t\t<\/div>\n\t\t<\/div>\n\t\t\t\t\t<\/div>\n\t\t<\/section>\n\t\t\t\t<\/div>\n\t\t","protected":false},"excerpt":{"rendered":"<p>Activitats Qu\u00e8 fem al club? Descobreix les nostres activitats, qu\u00e8 fem i tot el que mou l&#8217;esgrima a la capital del Bages. Esgrima com a esport, com a cultura i com a una experi\u00e8ncia \u00fanica. Esgrima esportiva Posa&#8217;t a prova amb un esport en el que far\u00e0s servir tant el [&hellip;]<\/p>\n","protected":false},"author":1,"featured_media":0,"parent":0,"menu_order":0,"comment_status":"closed","ping_status":"closed","template":"elementor_header_footer","meta":{"footnotes":""},"class_list":["post-6618","page","type-page","status-publish","hentry"],"yoast_head":"<!-- This site is optimized with the Yoast SEO plugin v27.4 - https:\/\/yoast.com\/product\/yoast-seo-wordpress\/ -->\n<title>Activitats - Club d&#039;Esgrima SH Manresa Qu\u00e8 fem?<\/title>\n<meta name=\"description\" content=\"Informaci\u00f3 sobre les nostres activitats al Club d&#039;Esgrima SH Manresa - Esgrima esportiva, esgrima antiga, esgrima esc\u00e8nica i escolar.\" \/>\n<meta name=\"robots\" content=\"index, follow, max-snippet:-1, max-image-preview:large, max-video-preview:-1\" \/>\n<link rel=\"canonical\" href=\"https:\/\/esgrima-manresa.cat\/es\/activitats\/\" \/>\n<meta property=\"og:locale\" content=\"es_ES\" \/>\n<meta property=\"og:type\" content=\"article\" \/>\n<meta property=\"og:title\" content=\"Activitats - Club d&#039;Esgrima SH Manresa Qu\u00e8 fem?\" \/>\n<meta property=\"og:description\" content=\"Informaci\u00f3 sobre les nostres activitats al Club d&#039;Esgrima SH Manresa - Esgrima esportiva, esgrima antiga, esgrima esc\u00e8nica i escolar.\" \/>\n<meta property=\"og:url\" content=\"https:\/\/esgrima-manresa.cat\/es\/activitats\/\" \/>\n<meta property=\"og:site_name\" content=\"Club d&#039;Esgrima SH Manresa\" \/>\n<meta property=\"article:publisher\" content=\"https:\/\/www.facebook.com\/esgrima.manresa\" \/>\n<meta property=\"article:modified_time\" content=\"2024-08-23T19:52:55+00:00\" \/>\n<meta name=\"twitter:card\" content=\"summary_large_image\" \/>\n<meta name=\"twitter:site\" content=\"@esgrimashm\" \/>\n<meta name=\"twitter:label1\" content=\"Tiempo de lectura\" \/>\n\t<meta name=\"twitter:data1\" content=\"1 minuto\" \/>\n<script type=\"application\/ld+json\" class=\"yoast-schema-graph\">{\"@context\":\"https:\\\/\\\/schema.org\",\"@graph\":[{\"@type\":\"WebPage\",\"@id\":\"https:\\\/\\\/esgrima-manresa.cat\\\/activitats\\\/\",\"url\":\"https:\\\/\\\/esgrima-manresa.cat\\\/activitats\\\/\",\"name\":\"Activitats - Club d'Esgrima SH Manresa Qu\u00e8 fem?\",\"isPartOf\":{\"@id\":\"https:\\\/\\\/esgrima-manresa.cat\\\/ca\\\/#website\"},\"datePublished\":\"2022-07-19T06:02:53+00:00\",\"dateModified\":\"2024-08-23T19:52:55+00:00\",\"description\":\"Informaci\u00f3 sobre les nostres activitats al Club d'Esgrima SH Manresa - Esgrima esportiva, esgrima antiga, esgrima esc\u00e8nica i escolar.\",\"breadcrumb\":{\"@id\":\"https:\\\/\\\/esgrima-manresa.cat\\\/activitats\\\/#breadcrumb\"},\"inLanguage\":\"es\",\"potentialAction\":[{\"@type\":\"ReadAction\",\"target\":[\"https:\\\/\\\/esgrima-manresa.cat\\\/activitats\\\/\"]}]},{\"@type\":\"BreadcrumbList\",\"@id\":\"https:\\\/\\\/esgrima-manresa.cat\\\/activitats\\\/#breadcrumb\",\"itemListElement\":[{\"@type\":\"ListItem\",\"position\":1,\"name\":\"Inici\",\"item\":\"https:\\\/\\\/esgrima-manresa.cat\\\/\"},{\"@type\":\"ListItem\",\"position\":2,\"name\":\"Activitats\"}]},{\"@type\":\"WebSite\",\"@id\":\"https:\\\/\\\/esgrima-manresa.cat\\\/ca\\\/#website\",\"url\":\"https:\\\/\\\/esgrima-manresa.cat\\\/ca\\\/\",\"name\":\"Club d'Esgrima SH Manresa\",\"description\":\"Club d'Esgrima a la ciutat de Manresa\",\"publisher\":{\"@id\":\"https:\\\/\\\/esgrima-manresa.cat\\\/ca\\\/#organization\"},\"potentialAction\":[{\"@type\":\"SearchAction\",\"target\":{\"@type\":\"EntryPoint\",\"urlTemplate\":\"https:\\\/\\\/esgrima-manresa.cat\\\/ca\\\/?s={search_term_string}\"},\"query-input\":{\"@type\":\"PropertyValueSpecification\",\"valueRequired\":true,\"valueName\":\"search_term_string\"}}],\"inLanguage\":\"es\"},{\"@type\":\"Organization\",\"@id\":\"https:\\\/\\\/esgrima-manresa.cat\\\/ca\\\/#organization\",\"name\":\"Club Esgrima SH Manresa\",\"url\":\"https:\\\/\\\/esgrima-manresa.cat\\\/ca\\\/\",\"logo\":{\"@type\":\"ImageObject\",\"inLanguage\":\"es\",\"@id\":\"https:\\\/\\\/esgrima-manresa.cat\\\/ca\\\/#\\\/schema\\\/logo\\\/image\\\/\",\"url\":\"https:\\\/\\\/esgrima-manresa.cat\\\/wp-content\\\/uploads\\\/2022\\\/07\\\/newlogoSQ-1024x1024-1.png\",\"contentUrl\":\"https:\\\/\\\/esgrima-manresa.cat\\\/wp-content\\\/uploads\\\/2022\\\/07\\\/newlogoSQ-1024x1024-1.png\",\"width\":1024,\"height\":1024,\"caption\":\"Club Esgrima SH Manresa\"},\"image\":{\"@id\":\"https:\\\/\\\/esgrima-manresa.cat\\\/ca\\\/#\\\/schema\\\/logo\\\/image\\\/\"},\"sameAs\":[\"https:\\\/\\\/www.facebook.com\\\/esgrima.manresa\",\"https:\\\/\\\/x.com\\\/esgrimashm\",\"https:\\\/\\\/www.instagram.com\\\/esgrima.manresa\\\/\",\"https:\\\/\\\/www.youtube.com\\\/channel\\\/UCMipZdwrXRZhKagmz3Ob8Rg\"]}]}<\/script>\n<!-- \/ Yoast SEO plugin. -->","yoast_head_json":{"title":"Activitats - Club d'Esgrima SH Manresa Qu\u00e8 fem?","description":"Informaci\u00f3 sobre les nostres activitats al Club d'Esgrima SH Manresa - Esgrima esportiva, esgrima antiga, esgrima esc\u00e8nica i escolar.","robots":{"index":"index","follow":"follow","max-snippet":"max-snippet:-1","max-image-preview":"max-image-preview:large","max-video-preview":"max-video-preview:-1"},"canonical":"https:\/\/esgrima-manresa.cat\/es\/activitats\/","og_locale":"es_ES","og_type":"article","og_title":"Activitats - Club d'Esgrima SH Manresa Qu\u00e8 fem?","og_description":"Informaci\u00f3 sobre les nostres activitats al Club d'Esgrima SH Manresa - Esgrima esportiva, esgrima antiga, esgrima esc\u00e8nica i escolar.","og_url":"https:\/\/esgrima-manresa.cat\/es\/activitats\/","og_site_name":"Club d'Esgrima SH Manresa","article_publisher":"https:\/\/www.facebook.com\/esgrima.manresa","article_modified_time":"2024-08-23T19:52:55+00:00","twitter_card":"summary_large_image","twitter_site":"@esgrimashm","twitter_misc":{"Tiempo de lectura":"1 minuto"},"schema":{"@context":"https:\/\/schema.org","@graph":[{"@type":"WebPage","@id":"https:\/\/esgrima-manresa.cat\/activitats\/","url":"https:\/\/esgrima-manresa.cat\/activitats\/","name":"Activitats - Club d'Esgrima SH Manresa Qu\u00e8 fem?","isPartOf":{"@id":"https:\/\/esgrima-manresa.cat\/ca\/#website"},"datePublished":"2022-07-19T06:02:53+00:00","dateModified":"2024-08-23T19:52:55+00:00","description":"Informaci\u00f3 sobre les nostres activitats al Club d'Esgrima SH Manresa - Esgrima esportiva, esgrima antiga, esgrima esc\u00e8nica i escolar.","breadcrumb":{"@id":"https:\/\/esgrima-manresa.cat\/activitats\/#breadcrumb"},"inLanguage":"es","potentialAction":[{"@type":"ReadAction","target":["https:\/\/esgrima-manresa.cat\/activitats\/"]}]},{"@type":"BreadcrumbList","@id":"https:\/\/esgrima-manresa.cat\/activitats\/#breadcrumb","itemListElement":[{"@type":"ListItem","position":1,"name":"Inici","item":"https:\/\/esgrima-manresa.cat\/"},{"@type":"ListItem","position":2,"name":"Activitats"}]},{"@type":"WebSite","@id":"https:\/\/esgrima-manresa.cat\/ca\/#website","url":"https:\/\/esgrima-manresa.cat\/ca\/","name":"Club de Esgrima SH Manresa","description":"Club d'Esgrima a la ciutat de Manresa","publisher":{"@id":"https:\/\/esgrima-manresa.cat\/ca\/#organization"},"potentialAction":[{"@type":"SearchAction","target":{"@type":"EntryPoint","urlTemplate":"https:\/\/esgrima-manresa.cat\/ca\/?s={search_term_string}"},"query-input":{"@type":"PropertyValueSpecification","valueRequired":true,"valueName":"search_term_string"}}],"inLanguage":"es"},{"@type":"Organization","@id":"https:\/\/esgrima-manresa.cat\/ca\/#organization","name":"Club Esgrima SH Manresa","url":"https:\/\/esgrima-manresa.cat\/ca\/","logo":{"@type":"ImageObject","inLanguage":"es","@id":"https:\/\/esgrima-manresa.cat\/ca\/#\/schema\/logo\/image\/","url":"https:\/\/esgrima-manresa.cat\/wp-content\/uploads\/2022\/07\/newlogoSQ-1024x1024-1.png","contentUrl":"https:\/\/esgrima-manresa.cat\/wp-content\/uploads\/2022\/07\/newlogoSQ-1024x1024-1.png","width":1024,"height":1024,"caption":"Club Esgrima SH Manresa"},"image":{"@id":"https:\/\/esgrima-manresa.cat\/ca\/#\/schema\/logo\/image\/"},"sameAs":["https:\/\/www.facebook.com\/esgrima.manresa","https:\/\/x.com\/esgrimashm","https:\/\/www.instagram.com\/esgrima.manresa\/","https:\/\/www.youtube.com\/channel\/UCMipZdwrXRZhKagmz3Ob8Rg"]}]}},"jetpack_sharing_enabled":false,"_links":{"self":[{"href":"http:\/\/esgrima-manresa.cat\/es\/wp-json\/wp\/v2\/pages\/6618","targetHints":{"allow":["GET"]}}],"collection":[{"href":"http:\/\/esgrima-manresa.cat\/es\/wp-json\/wp\/v2\/pages"}],"about":[{"href":"http:\/\/esgrima-manresa.cat\/es\/wp-json\/wp\/v2\/types\/page"}],"author":[{"embeddable":true,"href":"http:\/\/esgrima-manresa.cat\/es\/wp-json\/wp\/v2\/users\/1"}],"replies":[{"embeddable":true,"href":"http:\/\/esgrima-manresa.cat\/es\/wp-json\/wp\/v2\/comments?post=6618"}],"version-history":[{"count":84,"href":"http:\/\/esgrima-manresa.cat\/es\/wp-json\/wp\/v2\/pages\/6618\/revisions"}],"predecessor-version":[{"id":8719,"href":"http:\/\/esgrima-manresa.cat\/es\/wp-json\/wp\/v2\/pages\/6618\/revisions\/8719"}],"wp:attachment":[{"href":"http:\/\/esgrima-manresa.cat\/es\/wp-json\/wp\/v2\/media?parent=6618"}],"curies":[{"name":"wp","href":"https:\/\/api.w.org\/{rel}","templated":true}]}}