{"id":6479,"date":"2022-07-18T18:36:26","date_gmt":"2022-07-18T16:36:26","guid":{"rendered":"https:\/\/esgrima-manresa.cat\/?page_id=6479"},"modified":"2024-08-10T20:43:37","modified_gmt":"2024-08-10T18:43:37","slug":"esgrima-antiga","status":"publish","type":"page","link":"https:\/\/esgrima-manresa.cat\/ca\/esgrima-antiga\/","title":{"rendered":"Esgrima Antiga"},"content":{"rendered":"\t\t<div data-elementor-type=\"wp-page\" data-elementor-id=\"6479\" class=\"elementor elementor-6479\" data-elementor-post-type=\"page\">\n\t\t\t\t\t\t<section class=\"elementor-section elementor-top-section elementor-element elementor-element-89a93e6 elementor-section-full_width elementor-section-height-default elementor-section-height-default\" data-id=\"89a93e6\" data-element_type=\"section\" data-e-type=\"section\" data-settings=\"{&quot;background_background&quot;:&quot;classic&quot;,&quot;background_motion_fx_motion_fx_scrolling&quot;:&quot;yes&quot;,&quot;background_motion_fx_scale_effect&quot;:&quot;yes&quot;,&quot;background_motion_fx_scale_speed&quot;:{&quot;unit&quot;:&quot;px&quot;,&quot;size&quot;:2,&quot;sizes&quot;:[]},&quot;background_motion_fx_scale_direction&quot;:&quot;out-in&quot;,&quot;background_motion_fx_scale_range&quot;:{&quot;unit&quot;:&quot;%&quot;,&quot;size&quot;:&quot;&quot;,&quot;sizes&quot;:{&quot;start&quot;:20,&quot;end&quot;:80}},&quot;background_motion_fx_devices&quot;:[&quot;desktop&quot;,&quot;tablet&quot;,&quot;mobile&quot;]}\">\n\t\t\t\t\t\t\t<div class=\"elementor-background-overlay\"><\/div>\n\t\t\t\t\t\t\t<div class=\"elementor-container elementor-column-gap-default\">\n\t\t\t\t\t<div class=\"elementor-column elementor-col-100 elementor-top-column elementor-element elementor-element-03b43cf\" data-id=\"03b43cf\" data-element_type=\"column\" data-e-type=\"column\">\n\t\t\t<div class=\"elementor-widget-wrap elementor-element-populated\">\n\t\t\t\t\t\t<section class=\"elementor-section elementor-inner-section elementor-element elementor-element-4fa56e2 elementor-section-boxed elementor-section-height-default elementor-section-height-default\" data-id=\"4fa56e2\" data-element_type=\"section\" data-e-type=\"section\">\n\t\t\t\t\t\t<div class=\"elementor-container elementor-column-gap-default\">\n\t\t\t\t\t<div class=\"elementor-column elementor-col-100 elementor-inner-column elementor-element elementor-element-ce5e784\" data-id=\"ce5e784\" data-element_type=\"column\" data-e-type=\"column\">\n\t\t\t<div class=\"elementor-widget-wrap elementor-element-populated\">\n\t\t\t\t\t\t<div class=\"elementor-element elementor-element-8a96144 elementor-widget elementor-widget-spacer\" data-id=\"8a96144\" data-element_type=\"widget\" data-e-type=\"widget\" data-widget_type=\"spacer.default\">\n\t\t\t\t<div class=\"elementor-widget-container\">\n\t\t\t\t\t\t\t<div class=\"elementor-spacer\">\n\t\t\t<div class=\"elementor-spacer-inner\"><\/div>\n\t\t<\/div>\n\t\t\t\t\t\t<\/div>\n\t\t\t\t<\/div>\n\t\t\t\t\t<\/div>\n\t\t<\/div>\n\t\t\t\t\t<\/div>\n\t\t<\/section>\n\t\t\t\t\t<\/div>\n\t\t<\/div>\n\t\t\t\t\t<\/div>\n\t\t<\/section>\n\t\t\t\t<section class=\"elementor-section elementor-top-section elementor-element elementor-element-008b4a5 elementor-section-boxed elementor-section-height-default elementor-section-height-default\" data-id=\"008b4a5\" data-element_type=\"section\" data-e-type=\"section\" data-settings=\"{&quot;background_motion_fx_devices&quot;:[&quot;desktop&quot;,&quot;tablet&quot;,&quot;mobile&quot;]}\">\n\t\t\t\t\t\t<div class=\"elementor-container elementor-column-gap-default\">\n\t\t\t\t\t<div class=\"elementor-column elementor-col-100 elementor-top-column elementor-element elementor-element-a7932b6\" data-id=\"a7932b6\" data-element_type=\"column\" data-e-type=\"column\">\n\t\t\t<div class=\"elementor-widget-wrap elementor-element-populated\">\n\t\t\t\t\t\t<div class=\"elementor-element elementor-element-af64e7c elementor-widget elementor-widget-heading\" data-id=\"af64e7c\" data-element_type=\"widget\" data-e-type=\"widget\" data-widget_type=\"heading.default\">\n\t\t\t\t<div class=\"elementor-widget-container\">\n\t\t\t\t\t<h1 class=\"elementor-heading-title elementor-size-default\">Esgrima antiga<\/h1>\t\t\t\t<\/div>\n\t\t\t\t<\/div>\n\t\t\t\t<div class=\"elementor-element elementor-element-783961d elementor-widget elementor-widget-heading\" data-id=\"783961d\" data-element_type=\"widget\" data-e-type=\"widget\" data-widget_type=\"heading.default\">\n\t\t\t\t<div class=\"elementor-widget-container\">\n\t\t\t\t\t<h3 class=\"elementor-heading-title elementor-size-default\">L'art perdut al teu abast<\/h3>\t\t\t\t<\/div>\n\t\t\t\t<\/div>\n\t\t\t\t<div class=\"elementor-element elementor-element-e551c14 elementor-widget elementor-widget-heading\" data-id=\"e551c14\" data-element_type=\"widget\" data-e-type=\"widget\" data-widget_type=\"heading.default\">\n\t\t\t\t<div class=\"elementor-widget-container\">\n\t\t\t\t\t<p class=\"elementor-heading-title elementor-size-default\">Descobreix l'Esgrima antiga, un art perdut que ha perdurat gr\u00e0cies a antics tractats d'armes. Reviu les t\u00e8cniques que es feien servir i segueix les ensenyances de mestres com <i>Fiore <\/i>o <strong> <\/strong><i>Liechtenauer<\/i>!<\/p>\t\t\t\t<\/div>\n\t\t\t\t<\/div>\n\t\t\t\t\t<\/div>\n\t\t<\/div>\n\t\t\t\t\t<\/div>\n\t\t<\/section>\n\t\t\t\t<section class=\"elementor-section elementor-top-section elementor-element elementor-element-399ff7f elementor-section-boxed elementor-section-height-default elementor-section-height-default\" data-id=\"399ff7f\" data-element_type=\"section\" data-e-type=\"section\">\n\t\t\t\t\t\t<div class=\"elementor-container elementor-column-gap-narrow\">\n\t\t\t\t\t<div class=\"elementor-column elementor-col-33 elementor-top-column elementor-element elementor-element-c507232\" data-id=\"c507232\" data-element_type=\"column\" data-e-type=\"column\">\n\t\t\t<div class=\"elementor-widget-wrap elementor-element-populated\">\n\t\t\t\t\t\t<div class=\"elementor-element elementor-element-90c2b05 elementor-cta--layout-image-above elementor-cta--valign-middle elementor-bg-transform elementor-bg-transform-zoom-out elementor-cta--skin-classic elementor-widget elementor-widget-call-to-action\" data-id=\"90c2b05\" data-element_type=\"widget\" data-e-type=\"widget\" data-widget_type=\"call-to-action.default\">\n\t\t\t\t<div class=\"elementor-widget-container\">\n\t\t\t\t\t\t\t<div class=\"elementor-cta\">\n\t\t\t\t\t<div class=\"elementor-cta__bg-wrapper\">\n\t\t\t\t<div class=\"elementor-cta__bg elementor-bg\" style=\"background-image: url(https:\/\/esgrima-manresa.cat\/wp-content\/uploads\/2022\/07\/a-book-g12132da84_1920-1024x683.jpg);\" role=\"img\" aria-label=\"a-book-g12132da84_1920\"><\/div>\n\t\t\t\t<div class=\"elementor-cta__bg-overlay\"><\/div>\n\t\t\t<\/div>\n\t\t\t\t\t\t\t<div class=\"elementor-cta__content\">\n\t\t\t\t\n\t\t\t\t\t\t\t\t\t<h2 class=\"elementor-cta__title elementor-cta__content-item elementor-content-item\">\n\t\t\t\t\t\tQu\u00e8 \u00e9s?\t\t\t\t\t<\/h2>\n\t\t\t\t\n\t\t\t\t\t\t\t\t\t<div class=\"elementor-cta__description elementor-cta__content-item elementor-content-item\">\n\t\t\t\t\t\tLes sessions que realitzem ens fan redescobrir l'art de la lluita que es feia servir temps enrera. Ens basem en diferents tractats, com es van crear i desenvolupar. Posem en pr\u00e0ctica t\u00e8cniques i t\u00e0ctiques d'altres \u00e8poques mitjan\u00e7ant els combats.\t\t\t\t\t<\/div>\n\t\t\t\t\n\t\t\t\t\t\t\t<\/div>\n\t\t\t\t\t\t<\/div>\n\t\t\t\t\t\t<\/div>\n\t\t\t\t<\/div>\n\t\t\t\t\t<\/div>\n\t\t<\/div>\n\t\t\t\t<div class=\"elementor-column elementor-col-33 elementor-top-column elementor-element elementor-element-77fc6e0\" data-id=\"77fc6e0\" data-element_type=\"column\" data-e-type=\"column\">\n\t\t\t<div class=\"elementor-widget-wrap elementor-element-populated\">\n\t\t\t\t\t\t<div class=\"elementor-element elementor-element-9aff609 elementor-cta--layout-image-above elementor-cta--valign-middle elementor-bg-transform elementor-bg-transform-zoom-out elementor-cta--skin-classic elementor-widget elementor-widget-call-to-action\" data-id=\"9aff609\" data-element_type=\"widget\" data-e-type=\"widget\" data-widget_type=\"call-to-action.default\">\n\t\t\t\t<div class=\"elementor-widget-container\">\n\t\t\t\t\t\t\t<div class=\"elementor-cta\">\n\t\t\t\t\t<div class=\"elementor-cta__bg-wrapper\">\n\t\t\t\t<div class=\"elementor-cta__bg elementor-bg\" style=\"background-image: url(https:\/\/esgrima-manresa.cat\/wp-content\/uploads\/2022\/07\/middle-ages-g88c7920e3_1920-1024x759.jpg);\" role=\"img\" aria-label=\"middle-ages-g88c7920e3_1920\"><\/div>\n\t\t\t\t<div class=\"elementor-cta__bg-overlay\"><\/div>\n\t\t\t<\/div>\n\t\t\t\t\t\t\t<div class=\"elementor-cta__content\">\n\t\t\t\t\n\t\t\t\t\t\t\t\t\t<h2 class=\"elementor-cta__title elementor-cta__content-item elementor-content-item\">\n\t\t\t\t\t\t\u00c9s segur?\t\t\t\t\t<\/h2>\n\t\t\t\t\n\t\t\t\t\t\t\t\t\t<div class=\"elementor-cta__description elementor-cta__content-item elementor-content-item\">\n\t\t\t\t\t\tPrioritzem la seguretat pel davant de tot. Disposem de material de protecci\u00f3 per a les sessions, entrenaments i combats. A difer\u00e8ncia del que es creu, l'esgrima \u00e9s molt segura i no fomenta l'agressivitat, si no el respecte i l'autocontrol.\t\t\t\t\t<\/div>\n\t\t\t\t\n\t\t\t\t\t\t\t<\/div>\n\t\t\t\t\t\t<\/div>\n\t\t\t\t\t\t<\/div>\n\t\t\t\t<\/div>\n\t\t\t\t\t<\/div>\n\t\t<\/div>\n\t\t\t\t<div class=\"elementor-column elementor-col-33 elementor-top-column elementor-element elementor-element-273a345\" data-id=\"273a345\" data-element_type=\"column\" data-e-type=\"column\">\n\t\t\t<div class=\"elementor-widget-wrap elementor-element-populated\">\n\t\t\t\t\t\t<div class=\"elementor-element elementor-element-40c86ea elementor-cta--layout-image-above elementor-cta--valign-middle elementor-bg-transform elementor-bg-transform-zoom-out elementor-cta--skin-classic elementor-widget elementor-widget-call-to-action\" data-id=\"40c86ea\" data-element_type=\"widget\" data-e-type=\"widget\" data-widget_type=\"call-to-action.default\">\n\t\t\t\t<div class=\"elementor-widget-container\">\n\t\t\t\t\t\t\t<div class=\"elementor-cta\">\n\t\t\t\t\t<div class=\"elementor-cta__bg-wrapper\">\n\t\t\t\t<div class=\"elementor-cta__bg elementor-bg\" style=\"background-image: url(https:\/\/esgrima-manresa.cat\/wp-content\/uploads\/2022\/07\/helmet-g227d1d619_1920-1024x614.jpg);\" role=\"img\" aria-label=\"helmet-g227d1d619_1920\"><\/div>\n\t\t\t\t<div class=\"elementor-cta__bg-overlay\"><\/div>\n\t\t\t<\/div>\n\t\t\t\t\t\t\t<div class=\"elementor-cta__content\">\n\t\t\t\t\n\t\t\t\t\t\t\t\t\t<h2 class=\"elementor-cta__title elementor-cta__content-item elementor-content-item\">\n\t\t\t\t\t\tQu\u00e8 necessito?\t\t\t\t\t<\/h2>\n\t\t\t\t\n\t\t\t\t\t\t\t\t\t<div class=\"elementor-cta__description elementor-cta__content-item elementor-content-item\">\n\t\t\t\t\t\tDemanem que els nostres alumnes tinguin moltes ganes i predisposici\u00f3 per a aprendre. Les nostres sessions estan dirigides als majors de 13 anys. En quant al material el deixem nosaltres, nom\u00e9s cal portar roba adequada per a poder fer esport!\t\t\t\t\t<\/div>\n\t\t\t\t\n\t\t\t\t\t\t\t<\/div>\n\t\t\t\t\t\t<\/div>\n\t\t\t\t\t\t<\/div>\n\t\t\t\t<\/div>\n\t\t\t\t\t<\/div>\n\t\t<\/div>\n\t\t\t\t\t<\/div>\n\t\t<\/section>\n\t\t\t\t<section class=\"elementor-section elementor-top-section elementor-element elementor-element-e6b12bf elementor-section-boxed elementor-section-height-default elementor-section-height-default\" data-id=\"e6b12bf\" data-element_type=\"section\" data-e-type=\"section\">\n\t\t\t\t\t\t<div class=\"elementor-container elementor-column-gap-default\">\n\t\t\t\t\t<div class=\"elementor-column elementor-col-100 elementor-top-column elementor-element elementor-element-463f075\" data-id=\"463f075\" data-element_type=\"column\" data-e-type=\"column\">\n\t\t\t<div class=\"elementor-widget-wrap elementor-element-populated\">\n\t\t\t\t\t\t<div class=\"elementor-element elementor-element-64f6f6a elementor-skin-carousel elementor-arrows-yes elementor-pagination-type-bullets elementor-pagination-position-outside elementor-widget elementor-widget-media-carousel\" data-id=\"64f6f6a\" data-element_type=\"widget\" data-e-type=\"widget\" data-settings=\"{&quot;skin&quot;:&quot;carousel&quot;,&quot;effect&quot;:&quot;slide&quot;,&quot;show_arrows&quot;:&quot;yes&quot;,&quot;pagination&quot;:&quot;bullets&quot;,&quot;speed&quot;:500,&quot;autoplay&quot;:&quot;yes&quot;,&quot;autoplay_speed&quot;:5000,&quot;loop&quot;:&quot;yes&quot;,&quot;pause_on_hover&quot;:&quot;yes&quot;,&quot;pause_on_interaction&quot;:&quot;yes&quot;,&quot;space_between&quot;:{&quot;unit&quot;:&quot;px&quot;,&quot;size&quot;:10,&quot;sizes&quot;:[]},&quot;space_between_tablet&quot;:{&quot;unit&quot;:&quot;px&quot;,&quot;size&quot;:10,&quot;sizes&quot;:[]},&quot;space_between_mobile&quot;:{&quot;unit&quot;:&quot;px&quot;,&quot;size&quot;:10,&quot;sizes&quot;:[]}}\" data-widget_type=\"media-carousel.default\">\n\t\t\t\t<div class=\"elementor-widget-container\">\n\t\t\t\t\t\t\t\t\t<div class=\"elementor-swiper\">\n\t\t\t\t\t<div class=\"elementor-main-swiper swiper\" role=\"region\" aria-roledescription=\"carousel\" aria-label=\"Diapositives\">\n\t\t\t\t<div class=\"swiper-wrapper\">\n\t\t\t\t\t\t\t\t\t\t\t<div class=\"swiper-slide\" role=\"group\" aria-roledescription=\"slide\">\n\t\t\t\t\t\t\t\t\t<div class=\"elementor-carousel-image\" role=\"img\" aria-label=\"IMG_20210414_202327\" style=\"background-image: url(&#039;https:\/\/esgrima-manresa.cat\/wp-content\/uploads\/2022\/07\/IMG_20210414_202327-scaled.jpg&#039;)\">\n\n\t\t\t\n\t\t\t\t\t<\/div>\n\t\t\t\t\t\t\t\t<\/div>\n\t\t\t\t\t\t\t\t\t\t\t<div class=\"swiper-slide\" role=\"group\" aria-roledescription=\"slide\">\n\t\t\t\t\t\t\t\t\t<div class=\"elementor-carousel-image\" role=\"img\" aria-label=\"IMG_20210414_202333\" style=\"background-image: url(&#039;https:\/\/esgrima-manresa.cat\/wp-content\/uploads\/2022\/07\/IMG_20210414_202333-scaled.jpg&#039;)\">\n\n\t\t\t\n\t\t\t\t\t<\/div>\n\t\t\t\t\t\t\t\t<\/div>\n\t\t\t\t\t\t\t\t\t\t\t<div class=\"swiper-slide\" role=\"group\" aria-roledescription=\"slide\">\n\t\t\t\t\t\t\t\t\t<div class=\"elementor-carousel-image\" role=\"img\" aria-label=\"IMG_20210414_202517\" style=\"background-image: url(&#039;https:\/\/esgrima-manresa.cat\/wp-content\/uploads\/2022\/07\/IMG_20210414_202517-scaled.jpg&#039;)\">\n\n\t\t\t\n\t\t\t\t\t<\/div>\n\t\t\t\t\t\t\t\t<\/div>\n\t\t\t\t\t\t\t\t\t\t\t<div class=\"swiper-slide\" role=\"group\" aria-roledescription=\"slide\">\n\t\t\t\t\t\t\t\t\t<div class=\"elementor-carousel-image\" role=\"img\" aria-label=\"IMG_20210414_202621\" style=\"background-image: url(&#039;https:\/\/esgrima-manresa.cat\/wp-content\/uploads\/2022\/07\/IMG_20210414_202621-scaled.jpg&#039;)\">\n\n\t\t\t\n\t\t\t\t\t<\/div>\n\t\t\t\t\t\t\t\t<\/div>\n\t\t\t\t\t\t\t\t\t\t\t<div class=\"swiper-slide\" role=\"group\" aria-roledescription=\"slide\">\n\t\t\t\t\t\t\t\t\t<div class=\"elementor-carousel-image\" role=\"img\" aria-label=\"IMG_20210707_203859\" style=\"background-image: url(&#039;https:\/\/esgrima-manresa.cat\/wp-content\/uploads\/2022\/07\/IMG_20210707_203859-scaled.jpg&#039;)\">\n\n\t\t\t\n\t\t\t\t\t<\/div>\n\t\t\t\t\t\t\t\t<\/div>\n\t\t\t\t\t\t\t\t\t<\/div>\n\t\t\t\t\t\t\t\t\t\t\t\t\t\t\t<div class=\"elementor-swiper-button elementor-swiper-button-prev\" role=\"button\" tabindex=\"0\" aria-label=\"Previous\">\n\t\t\t\t\t\t\t<i aria-hidden=\"true\" class=\"eicon-chevron-left\"><\/i>\t\t\t\t\t\t<\/div>\n\t\t\t\t\t\t<div class=\"elementor-swiper-button elementor-swiper-button-next\" role=\"button\" tabindex=\"0\" aria-label=\"Next\">\n\t\t\t\t\t\t\t<i aria-hidden=\"true\" class=\"eicon-chevron-right\"><\/i>\t\t\t\t\t\t<\/div>\n\t\t\t\t\t\t\t\t\t\t\t\t\t\t\t\t<div class=\"swiper-pagination\"><\/div>\n\t\t\t\t\t\t\t\t\t\t\t\t<\/div>\n\t\t\t\t<\/div>\n\t\t\t\t\t\t\t\t<\/div>\n\t\t\t\t<\/div>\n\t\t\t\t\t<\/div>\n\t\t<\/div>\n\t\t\t\t\t<\/div>\n\t\t<\/section>\n\t\t\t\t<section class=\"elementor-section elementor-top-section elementor-element elementor-element-270bf40 elementor-section-boxed elementor-section-height-default elementor-section-height-default\" data-id=\"270bf40\" data-element_type=\"section\" data-e-type=\"section\" data-settings=\"{&quot;background_motion_fx_devices&quot;:[&quot;desktop&quot;,&quot;tablet&quot;,&quot;mobile&quot;]}\">\n\t\t\t\t\t\t<div class=\"elementor-container elementor-column-gap-default\">\n\t\t\t\t\t<div class=\"elementor-column elementor-col-100 elementor-top-column elementor-element elementor-element-579650c\" data-id=\"579650c\" data-element_type=\"column\" data-e-type=\"column\">\n\t\t\t<div class=\"elementor-widget-wrap elementor-element-populated\">\n\t\t\t\t\t\t<div class=\"elementor-element elementor-element-3afd88c elementor-widget elementor-widget-heading\" data-id=\"3afd88c\" data-element_type=\"widget\" data-e-type=\"widget\" data-widget_type=\"heading.default\">\n\t\t\t\t<div class=\"elementor-widget-container\">\n\t\t\t\t\t<h3 class=\"elementor-heading-title elementor-size-default\">Tens m\u00e9s preguntes?<\/h3>\t\t\t\t<\/div>\n\t\t\t\t<\/div>\n\t\t\t\t<div class=\"elementor-element elementor-element-0a7400c elementor-widget elementor-widget-heading\" data-id=\"0a7400c\" data-element_type=\"widget\" data-e-type=\"widget\" data-widget_type=\"heading.default\">\n\t\t\t\t<div class=\"elementor-widget-container\">\n\t\t\t\t\t<p class=\"elementor-heading-title elementor-size-default\">Consulta el nostre <b><a href=\"https:\/\/esgrima-manresa.cat\/faq\/\">FAQ <a \/><\/b>sobre l'esgrima i el qu\u00e8 fem.<\/p>\t\t\t\t<\/div>\n\t\t\t\t<\/div>\n\t\t\t\t\t<\/div>\n\t\t<\/div>\n\t\t\t\t\t<\/div>\n\t\t<\/section>\n\t\t\t\t<\/div>\n\t\t","protected":false},"excerpt":{"rendered":"<p>Esgrima antiga L&#8217;art perdut al teu abast Descobreix l&#8217;Esgrima antiga, un art perdut que ha perdurat gr\u00e0cies a antics tractats d&#8217;armes. Reviu les t\u00e8cniques que es feien servir i segueix les ensenyances de mestres com Fiore o Liechtenauer! Qu\u00e8 \u00e9s? Les sessions que realitzem ens fan redescobrir l&#8217;art de la [&hellip;]<\/p>\n","protected":false},"author":1,"featured_media":0,"parent":0,"menu_order":0,"comment_status":"closed","ping_status":"closed","template":"elementor_header_footer","meta":{"footnotes":""},"class_list":["post-6479","page","type-page","status-publish","hentry"],"yoast_head":"<!-- This site is optimized with the Yoast SEO plugin v27.4 - https:\/\/yoast.com\/product\/yoast-seo-wordpress\/ -->\n<title>Esgrima Antiga - Club d&#039;Esgrima SH Manresa - Atreveix-te!<\/title>\n<meta name=\"description\" content=\"Classes d&#039;Esgrima Antiga, l&#039;art que es practicava a l&#039;edat mitjana. Practica amb espasa llarga de m\u00e0 i mitja i armes de grans dimensions!\" \/>\n<meta name=\"robots\" content=\"index, follow, max-snippet:-1, max-image-preview:large, max-video-preview:-1\" \/>\n<link rel=\"canonical\" href=\"https:\/\/esgrima-manresa.cat\/ca\/esgrima-antiga\/\" \/>\n<meta property=\"og:locale\" content=\"ca_ES\" \/>\n<meta property=\"og:type\" content=\"article\" \/>\n<meta property=\"og:title\" content=\"Esgrima Antiga - Club d&#039;Esgrima SH Manresa - Atreveix-te!\" \/>\n<meta property=\"og:description\" content=\"Classes d&#039;Esgrima Antiga, l&#039;art que es practicava a l&#039;edat mitjana. Practica amb espasa llarga de m\u00e0 i mitja i armes de grans dimensions!\" \/>\n<meta property=\"og:url\" content=\"https:\/\/esgrima-manresa.cat\/ca\/esgrima-antiga\/\" \/>\n<meta property=\"og:site_name\" content=\"Club d&#039;Esgrima SH Manresa\" \/>\n<meta property=\"article:publisher\" content=\"https:\/\/www.facebook.com\/esgrima.manresa\" \/>\n<meta property=\"article:modified_time\" content=\"2024-08-10T18:43:37+00:00\" \/>\n<meta name=\"twitter:card\" content=\"summary_large_image\" \/>\n<meta name=\"twitter:site\" content=\"@esgrimashm\" \/>\n<meta name=\"twitter:label1\" content=\"Temps estimat de lectura\" \/>\n\t<meta name=\"twitter:data1\" content=\"1 minut\" \/>\n<script type=\"application\/ld+json\" class=\"yoast-schema-graph\">{\"@context\":\"https:\\\/\\\/schema.org\",\"@graph\":[{\"@type\":\"WebPage\",\"@id\":\"https:\\\/\\\/esgrima-manresa.cat\\\/ca\\\/esgrima-antiga\\\/\",\"url\":\"https:\\\/\\\/esgrima-manresa.cat\\\/ca\\\/esgrima-antiga\\\/\",\"name\":\"Esgrima Antiga - Club d'Esgrima SH Manresa - Atreveix-te!\",\"isPartOf\":{\"@id\":\"https:\\\/\\\/esgrima-manresa.cat\\\/ca\\\/#website\"},\"datePublished\":\"2022-07-18T16:36:26+00:00\",\"dateModified\":\"2024-08-10T18:43:37+00:00\",\"description\":\"Classes d'Esgrima Antiga, l'art que es practicava a l'edat mitjana. Practica amb espasa llarga de m\u00e0 i mitja i armes de grans dimensions!\",\"breadcrumb\":{\"@id\":\"https:\\\/\\\/esgrima-manresa.cat\\\/ca\\\/esgrima-antiga\\\/#breadcrumb\"},\"inLanguage\":\"ca\",\"potentialAction\":[{\"@type\":\"ReadAction\",\"target\":[\"https:\\\/\\\/esgrima-manresa.cat\\\/ca\\\/esgrima-antiga\\\/\"]}]},{\"@type\":\"BreadcrumbList\",\"@id\":\"https:\\\/\\\/esgrima-manresa.cat\\\/ca\\\/esgrima-antiga\\\/#breadcrumb\",\"itemListElement\":[{\"@type\":\"ListItem\",\"position\":1,\"name\":\"Inici\",\"item\":\"https:\\\/\\\/esgrima-manresa.cat\\\/\"},{\"@type\":\"ListItem\",\"position\":2,\"name\":\"Esgrima Antiga\"}]},{\"@type\":\"WebSite\",\"@id\":\"https:\\\/\\\/esgrima-manresa.cat\\\/ca\\\/#website\",\"url\":\"https:\\\/\\\/esgrima-manresa.cat\\\/ca\\\/\",\"name\":\"Club d'Esgrima SH Manresa\",\"description\":\"Club d'Esgrima a la ciutat de Manresa\",\"publisher\":{\"@id\":\"https:\\\/\\\/esgrima-manresa.cat\\\/ca\\\/#organization\"},\"potentialAction\":[{\"@type\":\"SearchAction\",\"target\":{\"@type\":\"EntryPoint\",\"urlTemplate\":\"https:\\\/\\\/esgrima-manresa.cat\\\/ca\\\/?s={search_term_string}\"},\"query-input\":{\"@type\":\"PropertyValueSpecification\",\"valueRequired\":true,\"valueName\":\"search_term_string\"}}],\"inLanguage\":\"ca\"},{\"@type\":\"Organization\",\"@id\":\"https:\\\/\\\/esgrima-manresa.cat\\\/ca\\\/#organization\",\"name\":\"Club Esgrima SH Manresa\",\"url\":\"https:\\\/\\\/esgrima-manresa.cat\\\/ca\\\/\",\"logo\":{\"@type\":\"ImageObject\",\"inLanguage\":\"ca\",\"@id\":\"https:\\\/\\\/esgrima-manresa.cat\\\/ca\\\/#\\\/schema\\\/logo\\\/image\\\/\",\"url\":\"https:\\\/\\\/esgrima-manresa.cat\\\/wp-content\\\/uploads\\\/2022\\\/07\\\/newlogoSQ-1024x1024-1.png\",\"contentUrl\":\"https:\\\/\\\/esgrima-manresa.cat\\\/wp-content\\\/uploads\\\/2022\\\/07\\\/newlogoSQ-1024x1024-1.png\",\"width\":1024,\"height\":1024,\"caption\":\"Club Esgrima SH Manresa\"},\"image\":{\"@id\":\"https:\\\/\\\/esgrima-manresa.cat\\\/ca\\\/#\\\/schema\\\/logo\\\/image\\\/\"},\"sameAs\":[\"https:\\\/\\\/www.facebook.com\\\/esgrima.manresa\",\"https:\\\/\\\/x.com\\\/esgrimashm\",\"https:\\\/\\\/www.instagram.com\\\/esgrima.manresa\\\/\",\"https:\\\/\\\/www.youtube.com\\\/channel\\\/UCMipZdwrXRZhKagmz3Ob8Rg\"]}]}<\/script>\n<!-- \/ Yoast SEO plugin. -->","yoast_head_json":{"title":"Esgrima Antiga - Club d'Esgrima SH Manresa - Atreveix-te!","description":"Classes d'Esgrima Antiga, l'art que es practicava a l'edat mitjana. Practica amb espasa llarga de m\u00e0 i mitja i armes de grans dimensions!","robots":{"index":"index","follow":"follow","max-snippet":"max-snippet:-1","max-image-preview":"max-image-preview:large","max-video-preview":"max-video-preview:-1"},"canonical":"https:\/\/esgrima-manresa.cat\/ca\/esgrima-antiga\/","og_locale":"ca_ES","og_type":"article","og_title":"Esgrima Antiga - Club d'Esgrima SH Manresa - Atreveix-te!","og_description":"Classes d'Esgrima Antiga, l'art que es practicava a l'edat mitjana. Practica amb espasa llarga de m\u00e0 i mitja i armes de grans dimensions!","og_url":"https:\/\/esgrima-manresa.cat\/ca\/esgrima-antiga\/","og_site_name":"Club d'Esgrima SH Manresa","article_publisher":"https:\/\/www.facebook.com\/esgrima.manresa","article_modified_time":"2024-08-10T18:43:37+00:00","twitter_card":"summary_large_image","twitter_site":"@esgrimashm","twitter_misc":{"Temps estimat de lectura":"1 minut"},"schema":{"@context":"https:\/\/schema.org","@graph":[{"@type":"WebPage","@id":"https:\/\/esgrima-manresa.cat\/ca\/esgrima-antiga\/","url":"https:\/\/esgrima-manresa.cat\/ca\/esgrima-antiga\/","name":"Esgrima Antiga - Club d'Esgrima SH Manresa - Atreveix-te!","isPartOf":{"@id":"https:\/\/esgrima-manresa.cat\/ca\/#website"},"datePublished":"2022-07-18T16:36:26+00:00","dateModified":"2024-08-10T18:43:37+00:00","description":"Classes d'Esgrima Antiga, l'art que es practicava a l'edat mitjana. Practica amb espasa llarga de m\u00e0 i mitja i armes de grans dimensions!","breadcrumb":{"@id":"https:\/\/esgrima-manresa.cat\/ca\/esgrima-antiga\/#breadcrumb"},"inLanguage":"ca","potentialAction":[{"@type":"ReadAction","target":["https:\/\/esgrima-manresa.cat\/ca\/esgrima-antiga\/"]}]},{"@type":"BreadcrumbList","@id":"https:\/\/esgrima-manresa.cat\/ca\/esgrima-antiga\/#breadcrumb","itemListElement":[{"@type":"ListItem","position":1,"name":"Inici","item":"https:\/\/esgrima-manresa.cat\/"},{"@type":"ListItem","position":2,"name":"Esgrima Antiga"}]},{"@type":"WebSite","@id":"https:\/\/esgrima-manresa.cat\/ca\/#website","url":"https:\/\/esgrima-manresa.cat\/ca\/","name":"Club d'Esgrima SH Manresa","description":"Club d'Esgrima a la ciutat de Manresa","publisher":{"@id":"https:\/\/esgrima-manresa.cat\/ca\/#organization"},"potentialAction":[{"@type":"SearchAction","target":{"@type":"EntryPoint","urlTemplate":"https:\/\/esgrima-manresa.cat\/ca\/?s={search_term_string}"},"query-input":{"@type":"PropertyValueSpecification","valueRequired":true,"valueName":"search_term_string"}}],"inLanguage":"ca"},{"@type":"Organization","@id":"https:\/\/esgrima-manresa.cat\/ca\/#organization","name":"Club Esgrima SH Manresa","url":"https:\/\/esgrima-manresa.cat\/ca\/","logo":{"@type":"ImageObject","inLanguage":"ca","@id":"https:\/\/esgrima-manresa.cat\/ca\/#\/schema\/logo\/image\/","url":"https:\/\/esgrima-manresa.cat\/wp-content\/uploads\/2022\/07\/newlogoSQ-1024x1024-1.png","contentUrl":"https:\/\/esgrima-manresa.cat\/wp-content\/uploads\/2022\/07\/newlogoSQ-1024x1024-1.png","width":1024,"height":1024,"caption":"Club Esgrima SH Manresa"},"image":{"@id":"https:\/\/esgrima-manresa.cat\/ca\/#\/schema\/logo\/image\/"},"sameAs":["https:\/\/www.facebook.com\/esgrima.manresa","https:\/\/x.com\/esgrimashm","https:\/\/www.instagram.com\/esgrima.manresa\/","https:\/\/www.youtube.com\/channel\/UCMipZdwrXRZhKagmz3Ob8Rg"]}]}},"jetpack_sharing_enabled":false,"_links":{"self":[{"href":"https:\/\/esgrima-manresa.cat\/ca\/wp-json\/wp\/v2\/pages\/6479","targetHints":{"allow":["GET"]}}],"collection":[{"href":"https:\/\/esgrima-manresa.cat\/ca\/wp-json\/wp\/v2\/pages"}],"about":[{"href":"https:\/\/esgrima-manresa.cat\/ca\/wp-json\/wp\/v2\/types\/page"}],"author":[{"embeddable":true,"href":"https:\/\/esgrima-manresa.cat\/ca\/wp-json\/wp\/v2\/users\/1"}],"replies":[{"embeddable":true,"href":"https:\/\/esgrima-manresa.cat\/ca\/wp-json\/wp\/v2\/comments?post=6479"}],"version-history":[{"count":83,"href":"https:\/\/esgrima-manresa.cat\/ca\/wp-json\/wp\/v2\/pages\/6479\/revisions"}],"predecessor-version":[{"id":8583,"href":"https:\/\/esgrima-manresa.cat\/ca\/wp-json\/wp\/v2\/pages\/6479\/revisions\/8583"}],"wp:attachment":[{"href":"https:\/\/esgrima-manresa.cat\/ca\/wp-json\/wp\/v2\/media?parent=6479"}],"curies":[{"name":"wp","href":"https:\/\/api.w.org\/{rel}","templated":true}]}}