{"id":2562,"date":"2021-03-20T21:18:09","date_gmt":"2021-03-20T20:18:09","guid":{"rendered":"https:\/\/esgrima-manresa.cat\/?page_id=2562"},"modified":"2024-08-09T07:08:21","modified_gmt":"2024-08-09T05:08:21","slug":"esgrima-esportiva","status":"publish","type":"page","link":"https:\/\/esgrima-manresa.cat\/es\/esgrima-esportiva\/","title":{"rendered":"Esgrima Deportiva"},"content":{"rendered":"\t\t<div data-elementor-type=\"wp-page\" data-elementor-id=\"2562\" class=\"elementor elementor-2562\" data-elementor-post-type=\"page\">\n\t\t\t\t\t\t<section class=\"elementor-section elementor-top-section elementor-element elementor-element-d8a2a5c elementor-section-full_width elementor-section-height-default elementor-section-height-default\" data-id=\"d8a2a5c\" data-element_type=\"section\" data-e-type=\"section\" data-settings=\"{&quot;background_background&quot;:&quot;classic&quot;,&quot;background_motion_fx_motion_fx_scrolling&quot;:&quot;yes&quot;,&quot;background_motion_fx_scale_effect&quot;:&quot;yes&quot;,&quot;background_motion_fx_scale_speed&quot;:{&quot;unit&quot;:&quot;px&quot;,&quot;size&quot;:2,&quot;sizes&quot;:[]},&quot;background_motion_fx_scale_direction&quot;:&quot;in-out&quot;,&quot;background_motion_fx_scale_range&quot;:{&quot;unit&quot;:&quot;%&quot;,&quot;size&quot;:&quot;&quot;,&quot;sizes&quot;:{&quot;start&quot;:20,&quot;end&quot;:80}},&quot;background_motion_fx_devices&quot;:[&quot;desktop&quot;,&quot;tablet&quot;,&quot;mobile&quot;]}\">\n\t\t\t\t\t\t\t<div class=\"elementor-background-overlay\"><\/div>\n\t\t\t\t\t\t\t<div class=\"elementor-container elementor-column-gap-default\">\n\t\t\t\t\t<div class=\"elementor-column elementor-col-100 elementor-top-column elementor-element elementor-element-bb7f275\" data-id=\"bb7f275\" data-element_type=\"column\" data-e-type=\"column\">\n\t\t\t<div class=\"elementor-widget-wrap elementor-element-populated\">\n\t\t\t\t\t\t<section class=\"elementor-section elementor-inner-section elementor-element elementor-element-ee263c5 elementor-section-boxed elementor-section-height-default elementor-section-height-default\" data-id=\"ee263c5\" data-element_type=\"section\" data-e-type=\"section\">\n\t\t\t\t\t\t<div class=\"elementor-container elementor-column-gap-default\">\n\t\t\t\t\t<div class=\"elementor-column elementor-col-100 elementor-inner-column elementor-element elementor-element-63ea1b3\" data-id=\"63ea1b3\" data-element_type=\"column\" data-e-type=\"column\">\n\t\t\t<div class=\"elementor-widget-wrap elementor-element-populated\">\n\t\t\t\t\t\t<div class=\"elementor-element elementor-element-1373e37 elementor-widget elementor-widget-spacer\" data-id=\"1373e37\" data-element_type=\"widget\" data-e-type=\"widget\" data-widget_type=\"spacer.default\">\n\t\t\t\t<div class=\"elementor-widget-container\">\n\t\t\t\t\t\t\t<div class=\"elementor-spacer\">\n\t\t\t<div class=\"elementor-spacer-inner\"><\/div>\n\t\t<\/div>\n\t\t\t\t\t\t<\/div>\n\t\t\t\t<\/div>\n\t\t\t\t\t<\/div>\n\t\t<\/div>\n\t\t\t\t\t<\/div>\n\t\t<\/section>\n\t\t\t\t\t<\/div>\n\t\t<\/div>\n\t\t\t\t\t<\/div>\n\t\t<\/section>\n\t\t\t\t<section class=\"elementor-section elementor-top-section elementor-element elementor-element-847bae4 elementor-section-boxed elementor-section-height-default elementor-section-height-default\" data-id=\"847bae4\" data-element_type=\"section\" data-e-type=\"section\" data-settings=\"{&quot;background_motion_fx_devices&quot;:[&quot;desktop&quot;,&quot;tablet&quot;,&quot;mobile&quot;]}\">\n\t\t\t\t\t\t<div class=\"elementor-container elementor-column-gap-default\">\n\t\t\t\t\t<div class=\"elementor-column elementor-col-100 elementor-top-column elementor-element elementor-element-1b81b16\" data-id=\"1b81b16\" data-element_type=\"column\" data-e-type=\"column\">\n\t\t\t<div class=\"elementor-widget-wrap elementor-element-populated\">\n\t\t\t\t\t\t<div class=\"elementor-element elementor-element-22e13c3 elementor-widget elementor-widget-heading\" data-id=\"22e13c3\" data-element_type=\"widget\" data-e-type=\"widget\" data-widget_type=\"heading.default\">\n\t\t\t\t<div class=\"elementor-widget-container\">\n\t\t\t\t\t<h1 class=\"elementor-heading-title elementor-size-default\">Esgrima esportiva<\/h1>\t\t\t\t<\/div>\n\t\t\t\t<\/div>\n\t\t\t\t<div class=\"elementor-element elementor-element-ee0cd77 elementor-widget elementor-widget-heading\" data-id=\"ee0cd77\" data-element_type=\"widget\" data-e-type=\"widget\" data-widget_type=\"heading.default\">\n\t\t\t\t<div class=\"elementor-widget-container\">\n\t\t\t\t\t<h3 class=\"elementor-heading-title elementor-size-default\">El nostre esport al complert<\/h3>\t\t\t\t<\/div>\n\t\t\t\t<\/div>\n\t\t\t\t<div class=\"elementor-element elementor-element-f12057d elementor-widget elementor-widget-heading\" data-id=\"f12057d\" data-element_type=\"widget\" data-e-type=\"widget\" data-widget_type=\"heading.default\">\n\t\t\t\t<div class=\"elementor-widget-container\">\n\t\t\t\t\t<p class=\"elementor-heading-title elementor-size-default\">Descobreix l'esgrima, un esport que combina eleg\u00e0ncia, velocitat, reflexes, destressa i un munt d'aptituds a l'abast de tothom. \u00c9s un esport f\u00edsic, i mental, amb un elevat component social, que fa que destaqui entre altres.<\/p>\t\t\t\t<\/div>\n\t\t\t\t<\/div>\n\t\t\t\t\t<\/div>\n\t\t<\/div>\n\t\t\t\t\t<\/div>\n\t\t<\/section>\n\t\t\t\t<section class=\"elementor-section elementor-top-section elementor-element elementor-element-9657f16 elementor-section-boxed elementor-section-height-default elementor-section-height-default\" data-id=\"9657f16\" data-element_type=\"section\" data-e-type=\"section\">\n\t\t\t\t\t\t<div class=\"elementor-container elementor-column-gap-narrow\">\n\t\t\t\t\t<div class=\"elementor-column elementor-col-33 elementor-top-column elementor-element elementor-element-6612bfe\" data-id=\"6612bfe\" data-element_type=\"column\" data-e-type=\"column\">\n\t\t\t<div class=\"elementor-widget-wrap elementor-element-populated\">\n\t\t\t\t\t\t<div class=\"elementor-element elementor-element-f9538c5 elementor-cta--layout-image-above elementor-cta--valign-middle elementor-bg-transform elementor-bg-transform-zoom-out elementor-cta--skin-classic elementor-widget elementor-widget-call-to-action\" data-id=\"f9538c5\" data-element_type=\"widget\" data-e-type=\"widget\" data-widget_type=\"call-to-action.default\">\n\t\t\t\t<div class=\"elementor-widget-container\">\n\t\t\t\t\t\t\t<div class=\"elementor-cta\">\n\t\t\t\t\t<div class=\"elementor-cta__bg-wrapper\">\n\t\t\t\t<div class=\"elementor-cta__bg elementor-bg\" style=\"background-image: url(https:\/\/esgrima-manresa.cat\/wp-content\/uploads\/2022\/09\/290779029_431119845693030_3757158568215102723_n-1024x683.jpg);\" role=\"img\" aria-label=\"290779029_431119845693030_3757158568215102723_n\"><\/div>\n\t\t\t\t<div class=\"elementor-cta__bg-overlay\"><\/div>\n\t\t\t<\/div>\n\t\t\t\t\t\t\t<div class=\"elementor-cta__content\">\n\t\t\t\t\n\t\t\t\t\t\t\t\t\t<h2 class=\"elementor-cta__title elementor-cta__content-item elementor-content-item\">\n\t\t\t\t\t\tQu\u00e8 \u00e9s?\t\t\t\t\t<\/h2>\n\t\t\t\t\n\t\t\t\t\t\t\t\t\t<div class=\"elementor-cta__description elementor-cta__content-item elementor-content-item\">\n\t\t\t\t\t\tL'esgrima \u00e9s un esport de combat en el que s'ha d'aconseguir tocar a l'adversari amb una espasa. Els practicants del nostre esport reben el nom d'esgrimistes o tiradors. \u00c9s un esport individual, tot i que tamb\u00e9 hi han competicions per equips.\n\t\t\t\t\t<\/div>\n\t\t\t\t\n\t\t\t\t\t\t\t<\/div>\n\t\t\t\t\t\t<\/div>\n\t\t\t\t\t\t<\/div>\n\t\t\t\t<\/div>\n\t\t\t\t\t<\/div>\n\t\t<\/div>\n\t\t\t\t<div class=\"elementor-column elementor-col-33 elementor-top-column elementor-element elementor-element-a6c2338\" data-id=\"a6c2338\" data-element_type=\"column\" data-e-type=\"column\">\n\t\t\t<div class=\"elementor-widget-wrap elementor-element-populated\">\n\t\t\t\t\t\t<div class=\"elementor-element elementor-element-7dd4249 elementor-cta--layout-image-above elementor-cta--valign-middle elementor-bg-transform elementor-bg-transform-zoom-out elementor-cta--skin-classic elementor-widget elementor-widget-call-to-action\" data-id=\"7dd4249\" data-element_type=\"widget\" data-e-type=\"widget\" data-widget_type=\"call-to-action.default\">\n\t\t\t\t<div class=\"elementor-widget-container\">\n\t\t\t\t\t\t\t<div class=\"elementor-cta\">\n\t\t\t\t\t<div class=\"elementor-cta__bg-wrapper\">\n\t\t\t\t<div class=\"elementor-cta__bg elementor-bg\" style=\"background-image: url(https:\/\/esgrima-manresa.cat\/wp-content\/uploads\/2022\/07\/SHM-G1-104-1024x683.jpg);\" role=\"img\" aria-label=\"SHM G1-104\"><\/div>\n\t\t\t\t<div class=\"elementor-cta__bg-overlay\"><\/div>\n\t\t\t<\/div>\n\t\t\t\t\t\t\t<div class=\"elementor-cta__content\">\n\t\t\t\t\n\t\t\t\t\t\t\t\t\t<h2 class=\"elementor-cta__title elementor-cta__content-item elementor-content-item\">\n\t\t\t\t\t\t\u00c9s segur?\t\t\t\t\t<\/h2>\n\t\t\t\t\n\t\t\t\t\t\t\t\t\t<div class=\"elementor-cta__description elementor-cta__content-item elementor-content-item\">\n\t\t\t\t\t\tPrioritzem la seguretat pel davant de tot. Disposem de material de protecci\u00f3 per a les nostres sessions, entrenaments i combats. Al contrari del que es creu, l'esgrima \u00e9s un esport molt segur ja que no hi ha contacte directe.\t\t\t\t\t<\/div>\n\t\t\t\t\n\t\t\t\t\t\t\t<\/div>\n\t\t\t\t\t\t<\/div>\n\t\t\t\t\t\t<\/div>\n\t\t\t\t<\/div>\n\t\t\t\t\t<\/div>\n\t\t<\/div>\n\t\t\t\t<div class=\"elementor-column elementor-col-33 elementor-top-column elementor-element elementor-element-96002a4\" data-id=\"96002a4\" data-element_type=\"column\" data-e-type=\"column\">\n\t\t\t<div class=\"elementor-widget-wrap elementor-element-populated\">\n\t\t\t\t\t\t<div class=\"elementor-element elementor-element-f2ca591 elementor-cta--layout-image-above elementor-cta--valign-middle elementor-bg-transform elementor-bg-transform-zoom-out elementor-cta--skin-classic elementor-widget elementor-widget-call-to-action\" data-id=\"f2ca591\" data-element_type=\"widget\" data-e-type=\"widget\" data-widget_type=\"call-to-action.default\">\n\t\t\t\t<div class=\"elementor-widget-container\">\n\t\t\t\t\t\t\t<div class=\"elementor-cta\">\n\t\t\t\t\t<div class=\"elementor-cta__bg-wrapper\">\n\t\t\t\t<div class=\"elementor-cta__bg elementor-bg\" style=\"background-image: url(https:\/\/esgrima-manresa.cat\/wp-content\/uploads\/2024\/08\/444479969_973110724825078_8152113328618261118_n-1024x683.jpg);\" role=\"img\" aria-label=\"444479969_973110724825078_8152113328618261118_n\"><\/div>\n\t\t\t\t<div class=\"elementor-cta__bg-overlay\"><\/div>\n\t\t\t<\/div>\n\t\t\t\t\t\t\t<div class=\"elementor-cta__content\">\n\t\t\t\t\n\t\t\t\t\t\t\t\t\t<h2 class=\"elementor-cta__title elementor-cta__content-item elementor-content-item\">\n\t\t\t\t\t\tQu\u00e8 necessito?\t\t\t\t\t<\/h2>\n\t\t\t\t\n\t\t\t\t\t\t\t\t\t<div class=\"elementor-cta__description elementor-cta__content-item elementor-content-item\">\n\t\t\t\t\t\tLa primera classe \u00e9s gratu\u00efta, vine a provar i descobreix el nostre esport de la millor manera. Nom\u00e9s cal que portis roba d'esport, el material te'l deixem nosaltres. No hi ha requisits previs, nom\u00e9s moltes ganes de voler aprendre!\t\t\t\t\t<\/div>\n\t\t\t\t\n\t\t\t\t\t\t\t<\/div>\n\t\t\t\t\t\t<\/div>\n\t\t\t\t\t\t<\/div>\n\t\t\t\t<\/div>\n\t\t\t\t\t<\/div>\n\t\t<\/div>\n\t\t\t\t\t<\/div>\n\t\t<\/section>\n\t\t\t\t<section class=\"elementor-section elementor-top-section elementor-element elementor-element-3bbb47f elementor-section-boxed elementor-section-height-default elementor-section-height-default\" data-id=\"3bbb47f\" data-element_type=\"section\" data-e-type=\"section\">\n\t\t\t\t\t\t<div class=\"elementor-container elementor-column-gap-default\">\n\t\t\t\t\t<div class=\"elementor-column elementor-col-100 elementor-top-column elementor-element elementor-element-e2aedb2\" data-id=\"e2aedb2\" data-element_type=\"column\" data-e-type=\"column\">\n\t\t\t<div class=\"elementor-widget-wrap elementor-element-populated\">\n\t\t\t\t\t\t<div class=\"elementor-element elementor-element-afba260 elementor-skin-carousel elementor-arrows-yes elementor-pagination-type-bullets elementor-pagination-position-outside elementor-widget elementor-widget-media-carousel\" data-id=\"afba260\" data-element_type=\"widget\" data-e-type=\"widget\" data-settings=\"{&quot;skin&quot;:&quot;carousel&quot;,&quot;effect&quot;:&quot;slide&quot;,&quot;show_arrows&quot;:&quot;yes&quot;,&quot;pagination&quot;:&quot;bullets&quot;,&quot;speed&quot;:500,&quot;autoplay&quot;:&quot;yes&quot;,&quot;autoplay_speed&quot;:5000,&quot;loop&quot;:&quot;yes&quot;,&quot;pause_on_hover&quot;:&quot;yes&quot;,&quot;pause_on_interaction&quot;:&quot;yes&quot;,&quot;space_between&quot;:{&quot;unit&quot;:&quot;px&quot;,&quot;size&quot;:10,&quot;sizes&quot;:[]},&quot;space_between_tablet&quot;:{&quot;unit&quot;:&quot;px&quot;,&quot;size&quot;:10,&quot;sizes&quot;:[]},&quot;space_between_mobile&quot;:{&quot;unit&quot;:&quot;px&quot;,&quot;size&quot;:10,&quot;sizes&quot;:[]}}\" data-widget_type=\"media-carousel.default\">\n\t\t\t\t<div class=\"elementor-widget-container\">\n\t\t\t\t\t\t\t\t\t<div class=\"elementor-swiper\">\n\t\t\t\t\t<div class=\"elementor-main-swiper swiper\" role=\"region\" aria-roledescription=\"carousel\" aria-label=\"Diapositivas\">\n\t\t\t\t<div class=\"swiper-wrapper\">\n\t\t\t\t\t\t\t\t\t\t\t<div class=\"swiper-slide\" role=\"group\" aria-roledescription=\"slide\">\n\t\t\t\t\t\t\t\t\t<div class=\"elementor-carousel-image\" role=\"img\" aria-label=\"442439670_974625991340218_8883740805187983650_n\" style=\"background-image: url(&#039;https:\/\/esgrima-manresa.cat\/wp-content\/uploads\/2024\/08\/442439670_974625991340218_8883740805187983650_n.jpg&#039;)\">\n\n\t\t\t\n\t\t\t\t\t<\/div>\n\t\t\t\t\t\t\t\t<\/div>\n\t\t\t\t\t\t\t\t\t\t\t<div class=\"swiper-slide\" role=\"group\" aria-roledescription=\"slide\">\n\t\t\t\t\t\t\t\t\t<div class=\"elementor-carousel-image\" role=\"img\" aria-label=\"280660056_5538114456223099_5419460959788453262_n\" style=\"background-image: url(&#039;https:\/\/esgrima-manresa.cat\/wp-content\/uploads\/2022\/07\/280660056_5538114456223099_5419460959788453262_n.jpg&#039;)\">\n\n\t\t\t\n\t\t\t\t\t<\/div>\n\t\t\t\t\t\t\t\t<\/div>\n\t\t\t\t\t\t\t\t\t\t\t<div class=\"swiper-slide\" role=\"group\" aria-roledescription=\"slide\">\n\t\t\t\t\t\t\t\t\t<div class=\"elementor-carousel-image\" role=\"img\" aria-label=\"289876196_5646773028690574_3793472842365049715_n\" style=\"background-image: url(&#039;https:\/\/esgrima-manresa.cat\/wp-content\/uploads\/2022\/07\/289876196_5646773028690574_3793472842365049715_n.jpg&#039;)\">\n\n\t\t\t\n\t\t\t\t\t<\/div>\n\t\t\t\t\t\t\t\t<\/div>\n\t\t\t\t\t\t\t\t\t\t\t<div class=\"swiper-slide\" role=\"group\" aria-roledescription=\"slide\">\n\t\t\t\t\t\t\t\t\t<div class=\"elementor-carousel-image\" role=\"img\" aria-label=\"281884212_5538125029555375_4799162817980104789_n\" style=\"background-image: url(&#039;https:\/\/esgrima-manresa.cat\/wp-content\/uploads\/2022\/07\/281884212_5538125029555375_4799162817980104789_n.jpg&#039;)\">\n\n\t\t\t\n\t\t\t\t\t<\/div>\n\t\t\t\t\t\t\t\t<\/div>\n\t\t\t\t\t\t\t\t\t\t\t<div class=\"swiper-slide\" role=\"group\" aria-roledescription=\"slide\">\n\t\t\t\t\t\t\t\t\t<div class=\"elementor-carousel-image\" role=\"img\" aria-label=\"278288371_5436811536353392_9115138308420559032_n\" style=\"background-image: url(&#039;https:\/\/esgrima-manresa.cat\/wp-content\/uploads\/2022\/07\/278288371_5436811536353392_9115138308420559032_n.jpg&#039;)\">\n\n\t\t\t\n\t\t\t\t\t<\/div>\n\t\t\t\t\t\t\t\t<\/div>\n\t\t\t\t\t\t\t\t\t<\/div>\n\t\t\t\t\t\t\t\t\t\t\t\t\t\t\t<div class=\"elementor-swiper-button elementor-swiper-button-prev\" role=\"button\" tabindex=\"0\" aria-label=\"Anterior\">\n\t\t\t\t\t\t\t<i aria-hidden=\"true\" class=\"eicon-chevron-left\"><\/i>\t\t\t\t\t\t<\/div>\n\t\t\t\t\t\t<div class=\"elementor-swiper-button elementor-swiper-button-next\" role=\"button\" tabindex=\"0\" aria-label=\"Siguiente\">\n\t\t\t\t\t\t\t<i aria-hidden=\"true\" class=\"eicon-chevron-right\"><\/i>\t\t\t\t\t\t<\/div>\n\t\t\t\t\t\t\t\t\t\t\t\t\t\t\t\t<div class=\"swiper-pagination\"><\/div>\n\t\t\t\t\t\t\t\t\t\t\t\t<\/div>\n\t\t\t\t<\/div>\n\t\t\t\t\t\t\t\t<\/div>\n\t\t\t\t<\/div>\n\t\t\t\t\t<\/div>\n\t\t<\/div>\n\t\t\t\t\t<\/div>\n\t\t<\/section>\n\t\t\t\t<section class=\"elementor-section elementor-top-section elementor-element elementor-element-942fe71 elementor-section-boxed elementor-section-height-default elementor-section-height-default\" data-id=\"942fe71\" data-element_type=\"section\" data-e-type=\"section\" data-settings=\"{&quot;background_motion_fx_devices&quot;:[&quot;desktop&quot;,&quot;tablet&quot;,&quot;mobile&quot;]}\">\n\t\t\t\t\t\t<div class=\"elementor-container elementor-column-gap-default\">\n\t\t\t\t\t<div class=\"elementor-column elementor-col-100 elementor-top-column elementor-element elementor-element-a788923\" data-id=\"a788923\" data-element_type=\"column\" data-e-type=\"column\">\n\t\t\t<div class=\"elementor-widget-wrap elementor-element-populated\">\n\t\t\t\t\t\t<div class=\"elementor-element elementor-element-96b67d6 elementor-widget elementor-widget-heading\" data-id=\"96b67d6\" data-element_type=\"widget\" data-e-type=\"widget\" data-widget_type=\"heading.default\">\n\t\t\t\t<div class=\"elementor-widget-container\">\n\t\t\t\t\t<h3 class=\"elementor-heading-title elementor-size-default\">Tens m\u00e9s preguntes?<\/h3>\t\t\t\t<\/div>\n\t\t\t\t<\/div>\n\t\t\t\t<div class=\"elementor-element elementor-element-fcffd85 elementor-widget elementor-widget-heading\" data-id=\"fcffd85\" data-element_type=\"widget\" data-e-type=\"widget\" data-widget_type=\"heading.default\">\n\t\t\t\t<div class=\"elementor-widget-container\">\n\t\t\t\t\t<p class=\"elementor-heading-title elementor-size-default\">Consulta el nostre <b><a href=\"https:\/\/esgrima-manresa.cat\/faq\/\">FAQ <a \/><\/b>sobre l'esgrima i el qu\u00e8 fem.<\/p>\t\t\t\t<\/div>\n\t\t\t\t<\/div>\n\t\t\t\t\t<\/div>\n\t\t<\/div>\n\t\t\t\t\t<\/div>\n\t\t<\/section>\n\t\t\t\t<\/div>\n\t\t","protected":false},"excerpt":{"rendered":"<p>Esgrima esportiva El nostre esport al complert Descobreix l&#8217;esgrima, un esport que combina eleg\u00e0ncia, velocitat, reflexes, destressa i un munt d&#8217;aptituds a l&#8217;abast de tothom. \u00c9s un esport f\u00edsic, i mental, amb un elevat component social, que fa que destaqui entre altres. Qu\u00e8 \u00e9s? L&#8217;esgrima \u00e9s un esport de combat [&hellip;]<\/p>\n","protected":false},"author":1,"featured_media":0,"parent":0,"menu_order":0,"comment_status":"closed","ping_status":"closed","template":"elementor_header_footer","meta":{"footnotes":""},"class_list":["post-2562","page","type-page","status-publish","hentry"],"yoast_head":"<!-- This site is optimized with the Yoast SEO plugin v27.4 - https:\/\/yoast.com\/product\/yoast-seo-wordpress\/ -->\n<title>Esgrima Esportiva - Club d&#039;Esgrima SH Manresa - Esport i diversi\u00f3!<\/title>\n<meta name=\"description\" content=\"Esgrima esportiva a la modalitat de sabre al Club d&#039;Esgrima SH de Manresa. Apr\u00e8n tot el que cal per a poder iniciar-te en aquest esport!\" \/>\n<meta name=\"robots\" content=\"index, follow, max-snippet:-1, max-image-preview:large, max-video-preview:-1\" \/>\n<link rel=\"canonical\" href=\"https:\/\/esgrima-manresa.cat\/es\/esgrima-esportiva\/\" \/>\n<meta property=\"og:locale\" content=\"es_ES\" \/>\n<meta property=\"og:type\" content=\"article\" \/>\n<meta property=\"og:title\" content=\"Esgrima Esportiva - Club d&#039;Esgrima SH Manresa - Esport i diversi\u00f3!\" \/>\n<meta property=\"og:description\" content=\"Esgrima esportiva a la modalitat de sabre al Club d&#039;Esgrima SH de Manresa. Apr\u00e8n tot el que cal per a poder iniciar-te en aquest esport!\" \/>\n<meta property=\"og:url\" content=\"https:\/\/esgrima-manresa.cat\/es\/esgrima-esportiva\/\" \/>\n<meta property=\"og:site_name\" content=\"Club d&#039;Esgrima SH Manresa\" \/>\n<meta property=\"article:publisher\" content=\"https:\/\/www.facebook.com\/esgrima.manresa\" \/>\n<meta property=\"article:modified_time\" content=\"2024-08-09T05:08:21+00:00\" \/>\n<meta name=\"twitter:card\" content=\"summary_large_image\" \/>\n<meta name=\"twitter:site\" content=\"@esgrimashm\" \/>\n<meta name=\"twitter:label1\" content=\"Tiempo de lectura\" \/>\n\t<meta name=\"twitter:data1\" content=\"1 minuto\" \/>\n<script type=\"application\/ld+json\" class=\"yoast-schema-graph\">{\"@context\":\"https:\\\/\\\/schema.org\",\"@graph\":[{\"@type\":\"WebPage\",\"@id\":\"https:\\\/\\\/esgrima-manresa.cat\\\/ca\\\/esgrima-esportiva\\\/\",\"url\":\"https:\\\/\\\/esgrima-manresa.cat\\\/ca\\\/esgrima-esportiva\\\/\",\"name\":\"Esgrima Esportiva - Club d'Esgrima SH Manresa - Esport i diversi\u00f3!\",\"isPartOf\":{\"@id\":\"https:\\\/\\\/esgrima-manresa.cat\\\/ca\\\/#website\"},\"datePublished\":\"2021-03-20T20:18:09+00:00\",\"dateModified\":\"2024-08-09T05:08:21+00:00\",\"description\":\"Esgrima esportiva a la modalitat de sabre al Club d'Esgrima SH de Manresa. Apr\u00e8n tot el que cal per a poder iniciar-te en aquest esport!\",\"breadcrumb\":{\"@id\":\"https:\\\/\\\/esgrima-manresa.cat\\\/ca\\\/esgrima-esportiva\\\/#breadcrumb\"},\"inLanguage\":\"es\",\"potentialAction\":[{\"@type\":\"ReadAction\",\"target\":[\"https:\\\/\\\/esgrima-manresa.cat\\\/ca\\\/esgrima-esportiva\\\/\"]}]},{\"@type\":\"BreadcrumbList\",\"@id\":\"https:\\\/\\\/esgrima-manresa.cat\\\/ca\\\/esgrima-esportiva\\\/#breadcrumb\",\"itemListElement\":[{\"@type\":\"ListItem\",\"position\":1,\"name\":\"Inici\",\"item\":\"https:\\\/\\\/esgrima-manresa.cat\\\/\"},{\"@type\":\"ListItem\",\"position\":2,\"name\":\"Esgrima Esportiva\"}]},{\"@type\":\"WebSite\",\"@id\":\"https:\\\/\\\/esgrima-manresa.cat\\\/ca\\\/#website\",\"url\":\"https:\\\/\\\/esgrima-manresa.cat\\\/ca\\\/\",\"name\":\"Club d'Esgrima SH Manresa\",\"description\":\"Club d'Esgrima a la ciutat de Manresa\",\"publisher\":{\"@id\":\"https:\\\/\\\/esgrima-manresa.cat\\\/ca\\\/#organization\"},\"potentialAction\":[{\"@type\":\"SearchAction\",\"target\":{\"@type\":\"EntryPoint\",\"urlTemplate\":\"https:\\\/\\\/esgrima-manresa.cat\\\/ca\\\/?s={search_term_string}\"},\"query-input\":{\"@type\":\"PropertyValueSpecification\",\"valueRequired\":true,\"valueName\":\"search_term_string\"}}],\"inLanguage\":\"es\"},{\"@type\":\"Organization\",\"@id\":\"https:\\\/\\\/esgrima-manresa.cat\\\/ca\\\/#organization\",\"name\":\"Club Esgrima SH Manresa\",\"url\":\"https:\\\/\\\/esgrima-manresa.cat\\\/ca\\\/\",\"logo\":{\"@type\":\"ImageObject\",\"inLanguage\":\"es\",\"@id\":\"https:\\\/\\\/esgrima-manresa.cat\\\/ca\\\/#\\\/schema\\\/logo\\\/image\\\/\",\"url\":\"https:\\\/\\\/esgrima-manresa.cat\\\/wp-content\\\/uploads\\\/2022\\\/07\\\/newlogoSQ-1024x1024-1.png\",\"contentUrl\":\"https:\\\/\\\/esgrima-manresa.cat\\\/wp-content\\\/uploads\\\/2022\\\/07\\\/newlogoSQ-1024x1024-1.png\",\"width\":1024,\"height\":1024,\"caption\":\"Club Esgrima SH Manresa\"},\"image\":{\"@id\":\"https:\\\/\\\/esgrima-manresa.cat\\\/ca\\\/#\\\/schema\\\/logo\\\/image\\\/\"},\"sameAs\":[\"https:\\\/\\\/www.facebook.com\\\/esgrima.manresa\",\"https:\\\/\\\/x.com\\\/esgrimashm\",\"https:\\\/\\\/www.instagram.com\\\/esgrima.manresa\\\/\",\"https:\\\/\\\/www.youtube.com\\\/channel\\\/UCMipZdwrXRZhKagmz3Ob8Rg\"]}]}<\/script>\n<!-- \/ Yoast SEO plugin. -->","yoast_head_json":{"title":"Esgrima Esportiva - Club d'Esgrima SH Manresa - Esport i diversi\u00f3!","description":"Esgrima esportiva a la modalitat de sabre al Club d'Esgrima SH de Manresa. Apr\u00e8n tot el que cal per a poder iniciar-te en aquest esport!","robots":{"index":"index","follow":"follow","max-snippet":"max-snippet:-1","max-image-preview":"max-image-preview:large","max-video-preview":"max-video-preview:-1"},"canonical":"https:\/\/esgrima-manresa.cat\/es\/esgrima-esportiva\/","og_locale":"es_ES","og_type":"article","og_title":"Esgrima Esportiva - Club d'Esgrima SH Manresa - Esport i diversi\u00f3!","og_description":"Esgrima esportiva a la modalitat de sabre al Club d'Esgrima SH de Manresa. Apr\u00e8n tot el que cal per a poder iniciar-te en aquest esport!","og_url":"https:\/\/esgrima-manresa.cat\/es\/esgrima-esportiva\/","og_site_name":"Club d'Esgrima SH Manresa","article_publisher":"https:\/\/www.facebook.com\/esgrima.manresa","article_modified_time":"2024-08-09T05:08:21+00:00","twitter_card":"summary_large_image","twitter_site":"@esgrimashm","twitter_misc":{"Tiempo de lectura":"1 minuto"},"schema":{"@context":"https:\/\/schema.org","@graph":[{"@type":"WebPage","@id":"https:\/\/esgrima-manresa.cat\/ca\/esgrima-esportiva\/","url":"https:\/\/esgrima-manresa.cat\/ca\/esgrima-esportiva\/","name":"Esgrima Esportiva - Club d'Esgrima SH Manresa - Esport i diversi\u00f3!","isPartOf":{"@id":"https:\/\/esgrima-manresa.cat\/ca\/#website"},"datePublished":"2021-03-20T20:18:09+00:00","dateModified":"2024-08-09T05:08:21+00:00","description":"Esgrima esportiva a la modalitat de sabre al Club d'Esgrima SH de Manresa. Apr\u00e8n tot el que cal per a poder iniciar-te en aquest esport!","breadcrumb":{"@id":"https:\/\/esgrima-manresa.cat\/ca\/esgrima-esportiva\/#breadcrumb"},"inLanguage":"es","potentialAction":[{"@type":"ReadAction","target":["https:\/\/esgrima-manresa.cat\/ca\/esgrima-esportiva\/"]}]},{"@type":"BreadcrumbList","@id":"https:\/\/esgrima-manresa.cat\/ca\/esgrima-esportiva\/#breadcrumb","itemListElement":[{"@type":"ListItem","position":1,"name":"Inici","item":"https:\/\/esgrima-manresa.cat\/"},{"@type":"ListItem","position":2,"name":"Esgrima Esportiva"}]},{"@type":"WebSite","@id":"https:\/\/esgrima-manresa.cat\/ca\/#website","url":"https:\/\/esgrima-manresa.cat\/ca\/","name":"Club de Esgrima SH Manresa","description":"Club d'Esgrima a la ciutat de Manresa","publisher":{"@id":"https:\/\/esgrima-manresa.cat\/ca\/#organization"},"potentialAction":[{"@type":"SearchAction","target":{"@type":"EntryPoint","urlTemplate":"https:\/\/esgrima-manresa.cat\/ca\/?s={search_term_string}"},"query-input":{"@type":"PropertyValueSpecification","valueRequired":true,"valueName":"search_term_string"}}],"inLanguage":"es"},{"@type":"Organization","@id":"https:\/\/esgrima-manresa.cat\/ca\/#organization","name":"Club Esgrima SH Manresa","url":"https:\/\/esgrima-manresa.cat\/ca\/","logo":{"@type":"ImageObject","inLanguage":"es","@id":"https:\/\/esgrima-manresa.cat\/ca\/#\/schema\/logo\/image\/","url":"https:\/\/esgrima-manresa.cat\/wp-content\/uploads\/2022\/07\/newlogoSQ-1024x1024-1.png","contentUrl":"https:\/\/esgrima-manresa.cat\/wp-content\/uploads\/2022\/07\/newlogoSQ-1024x1024-1.png","width":1024,"height":1024,"caption":"Club Esgrima SH Manresa"},"image":{"@id":"https:\/\/esgrima-manresa.cat\/ca\/#\/schema\/logo\/image\/"},"sameAs":["https:\/\/www.facebook.com\/esgrima.manresa","https:\/\/x.com\/esgrimashm","https:\/\/www.instagram.com\/esgrima.manresa\/","https:\/\/www.youtube.com\/channel\/UCMipZdwrXRZhKagmz3Ob8Rg"]}]}},"jetpack_sharing_enabled":false,"_links":{"self":[{"href":"https:\/\/esgrima-manresa.cat\/es\/wp-json\/wp\/v2\/pages\/2562","targetHints":{"allow":["GET"]}}],"collection":[{"href":"https:\/\/esgrima-manresa.cat\/es\/wp-json\/wp\/v2\/pages"}],"about":[{"href":"https:\/\/esgrima-manresa.cat\/es\/wp-json\/wp\/v2\/types\/page"}],"author":[{"embeddable":true,"href":"https:\/\/esgrima-manresa.cat\/es\/wp-json\/wp\/v2\/users\/1"}],"replies":[{"embeddable":true,"href":"https:\/\/esgrima-manresa.cat\/es\/wp-json\/wp\/v2\/comments?post=2562"}],"version-history":[{"count":151,"href":"https:\/\/esgrima-manresa.cat\/es\/wp-json\/wp\/v2\/pages\/2562\/revisions"}],"predecessor-version":[{"id":8536,"href":"https:\/\/esgrima-manresa.cat\/es\/wp-json\/wp\/v2\/pages\/2562\/revisions\/8536"}],"wp:attachment":[{"href":"https:\/\/esgrima-manresa.cat\/es\/wp-json\/wp\/v2\/media?parent=2562"}],"curies":[{"name":"wp","href":"https:\/\/api.w.org\/{rel}","templated":true}]}}