{"id":6506,"date":"2022-07-18T19:04:44","date_gmt":"2022-07-18T17:04:44","guid":{"rendered":"https:\/\/esgrima-manresa.cat\/?page_id=6506"},"modified":"2024-08-09T07:08:41","modified_gmt":"2024-08-09T05:08:41","slug":"esgrima-escolar","status":"publish","type":"page","link":"https:\/\/esgrima-manresa.cat\/es\/esgrima-escolar\/","title":{"rendered":"Esgrima Escolar"},"content":{"rendered":"\t\t<div data-elementor-type=\"wp-page\" data-elementor-id=\"6506\" class=\"elementor elementor-6506\" data-elementor-post-type=\"page\">\n\t\t\t\t\t\t<section class=\"elementor-section elementor-top-section elementor-element elementor-element-f1311c3 elementor-section-full_width elementor-section-height-default elementor-section-height-default\" data-id=\"f1311c3\" data-element_type=\"section\" data-e-type=\"section\" data-settings=\"{&quot;background_background&quot;:&quot;classic&quot;,&quot;background_motion_fx_motion_fx_scrolling&quot;:&quot;yes&quot;,&quot;background_motion_fx_scale_effect&quot;:&quot;yes&quot;,&quot;background_motion_fx_scale_speed&quot;:{&quot;unit&quot;:&quot;px&quot;,&quot;size&quot;:2,&quot;sizes&quot;:[]},&quot;background_motion_fx_scale_direction&quot;:&quot;in-out&quot;,&quot;background_motion_fx_scale_range&quot;:{&quot;unit&quot;:&quot;%&quot;,&quot;size&quot;:&quot;&quot;,&quot;sizes&quot;:{&quot;start&quot;:20,&quot;end&quot;:80}},&quot;background_motion_fx_devices&quot;:[&quot;desktop&quot;,&quot;tablet&quot;,&quot;mobile&quot;]}\">\n\t\t\t\t\t\t\t<div class=\"elementor-background-overlay\"><\/div>\n\t\t\t\t\t\t\t<div class=\"elementor-container elementor-column-gap-default\">\n\t\t\t\t\t<div class=\"elementor-column elementor-col-100 elementor-top-column elementor-element elementor-element-75483da\" data-id=\"75483da\" data-element_type=\"column\" data-e-type=\"column\">\n\t\t\t<div class=\"elementor-widget-wrap elementor-element-populated\">\n\t\t\t\t\t\t<section class=\"elementor-section elementor-inner-section elementor-element elementor-element-9eabaef elementor-section-boxed elementor-section-height-default elementor-section-height-default\" data-id=\"9eabaef\" data-element_type=\"section\" data-e-type=\"section\">\n\t\t\t\t\t\t<div class=\"elementor-container elementor-column-gap-default\">\n\t\t\t\t\t<div class=\"elementor-column elementor-col-100 elementor-inner-column elementor-element elementor-element-9ae4c52\" data-id=\"9ae4c52\" data-element_type=\"column\" data-e-type=\"column\">\n\t\t\t<div class=\"elementor-widget-wrap elementor-element-populated\">\n\t\t\t\t\t\t<div class=\"elementor-element elementor-element-76a4b10 elementor-widget elementor-widget-spacer\" data-id=\"76a4b10\" data-element_type=\"widget\" data-e-type=\"widget\" data-widget_type=\"spacer.default\">\n\t\t\t\t<div class=\"elementor-widget-container\">\n\t\t\t\t\t\t\t<div class=\"elementor-spacer\">\n\t\t\t<div class=\"elementor-spacer-inner\"><\/div>\n\t\t<\/div>\n\t\t\t\t\t\t<\/div>\n\t\t\t\t<\/div>\n\t\t\t\t\t<\/div>\n\t\t<\/div>\n\t\t\t\t\t<\/div>\n\t\t<\/section>\n\t\t\t\t\t<\/div>\n\t\t<\/div>\n\t\t\t\t\t<\/div>\n\t\t<\/section>\n\t\t\t\t<section class=\"elementor-section elementor-top-section elementor-element elementor-element-ca873df elementor-section-boxed elementor-section-height-default elementor-section-height-default\" data-id=\"ca873df\" data-element_type=\"section\" data-e-type=\"section\" data-settings=\"{&quot;background_motion_fx_devices&quot;:[&quot;desktop&quot;,&quot;tablet&quot;,&quot;mobile&quot;]}\">\n\t\t\t\t\t\t<div class=\"elementor-container elementor-column-gap-default\">\n\t\t\t\t\t<div class=\"elementor-column elementor-col-100 elementor-top-column elementor-element elementor-element-84353de\" data-id=\"84353de\" data-element_type=\"column\" data-e-type=\"column\">\n\t\t\t<div class=\"elementor-widget-wrap elementor-element-populated\">\n\t\t\t\t\t\t<div class=\"elementor-element elementor-element-b73b505 elementor-widget elementor-widget-heading\" data-id=\"b73b505\" data-element_type=\"widget\" data-e-type=\"widget\" data-widget_type=\"heading.default\">\n\t\t\t\t<div class=\"elementor-widget-container\">\n\t\t\t\t\t<h1 class=\"elementor-heading-title elementor-size-default\">Esgrima escolar<\/h1>\t\t\t\t<\/div>\n\t\t\t\t<\/div>\n\t\t\t\t<div class=\"elementor-element elementor-element-268756b elementor-widget elementor-widget-heading\" data-id=\"268756b\" data-element_type=\"widget\" data-e-type=\"widget\" data-widget_type=\"heading.default\">\n\t\t\t\t<div class=\"elementor-widget-container\">\n\t\t\t\t\t<h3 class=\"elementor-heading-title elementor-size-default\">Sessions a les escoles<\/h3>\t\t\t\t<\/div>\n\t\t\t\t<\/div>\n\t\t\t\t<div class=\"elementor-element elementor-element-5d4adb3 elementor-widget elementor-widget-heading\" data-id=\"5d4adb3\" data-element_type=\"widget\" data-e-type=\"widget\" data-widget_type=\"heading.default\">\n\t\t\t\t<div class=\"elementor-widget-container\">\n\t\t\t\t\t<p class=\"elementor-heading-title elementor-size-default\">Descobreix les nostres sessions que oferim a escoles, instituts i centres de formaci\u00f3 de tot tipus. Material segur i adient. Aprenentatge de l'esgrima a nivell inicial i a trav\u00e9s de les formes jugades.<\/p>\t\t\t\t<\/div>\n\t\t\t\t<\/div>\n\t\t\t\t\t<\/div>\n\t\t<\/div>\n\t\t\t\t\t<\/div>\n\t\t<\/section>\n\t\t\t\t<section class=\"elementor-section elementor-top-section elementor-element elementor-element-46ea349 elementor-section-boxed elementor-section-height-default elementor-section-height-default\" data-id=\"46ea349\" data-element_type=\"section\" data-e-type=\"section\">\n\t\t\t\t\t\t<div class=\"elementor-container elementor-column-gap-narrow\">\n\t\t\t\t\t<div class=\"elementor-column elementor-col-33 elementor-top-column elementor-element elementor-element-34d4e58\" data-id=\"34d4e58\" data-element_type=\"column\" data-e-type=\"column\">\n\t\t\t<div class=\"elementor-widget-wrap elementor-element-populated\">\n\t\t\t\t\t\t<div class=\"elementor-element elementor-element-9929702 elementor-cta--layout-image-above elementor-cta--valign-middle elementor-bg-transform elementor-bg-transform-zoom-out elementor-cta--skin-classic elementor-widget elementor-widget-call-to-action\" data-id=\"9929702\" data-element_type=\"widget\" data-e-type=\"widget\" data-widget_type=\"call-to-action.default\">\n\t\t\t\t<div class=\"elementor-widget-container\">\n\t\t\t\t\t\t\t<div class=\"elementor-cta\">\n\t\t\t\t\t<div class=\"elementor-cta__bg-wrapper\">\n\t\t\t\t<div class=\"elementor-cta__bg elementor-bg\" style=\"background-image: url(https:\/\/esgrima-manresa.cat\/wp-content\/uploads\/2022\/07\/SHM-G1-47-1024x683.jpg);\" role=\"img\" aria-label=\"SHM G1-47\"><\/div>\n\t\t\t\t<div class=\"elementor-cta__bg-overlay\"><\/div>\n\t\t\t<\/div>\n\t\t\t\t\t\t\t<div class=\"elementor-cta__content\">\n\t\t\t\t\n\t\t\t\t\t\t\t\t\t<h2 class=\"elementor-cta__title elementor-cta__content-item elementor-content-item\">\n\t\t\t\t\t\tQu\u00e8 oferim?\t\t\t\t\t<\/h2>\n\t\t\t\t\n\t\t\t\t\t\t\t\t\t<div class=\"elementor-cta__description elementor-cta__content-item elementor-content-item\">\n\t\t\t\t\t\tClasses per nens i nenes des de la prim\u00e0ria a la secund\u00e0ria. Tamb\u00e9 hem realitzat tallers i monogr\u00e0fics a docents. Donem eines i recursos metodol\u00f2gics de com poder oferir el nostre esport a dins de les sessions d'Educaci\u00f3 F\u00edsica.\t\t\t\t\t<\/div>\n\t\t\t\t\n\t\t\t\t\t\t\t<\/div>\n\t\t\t\t\t\t<\/div>\n\t\t\t\t\t\t<\/div>\n\t\t\t\t<\/div>\n\t\t\t\t\t<\/div>\n\t\t<\/div>\n\t\t\t\t<div class=\"elementor-column elementor-col-33 elementor-top-column elementor-element elementor-element-a481206\" data-id=\"a481206\" data-element_type=\"column\" data-e-type=\"column\">\n\t\t\t<div class=\"elementor-widget-wrap elementor-element-populated\">\n\t\t\t\t\t\t<div class=\"elementor-element elementor-element-fabda46 elementor-cta--layout-image-above elementor-cta--valign-middle elementor-bg-transform elementor-bg-transform-zoom-out elementor-cta--skin-classic elementor-widget elementor-widget-call-to-action\" data-id=\"fabda46\" data-element_type=\"widget\" data-e-type=\"widget\" data-widget_type=\"call-to-action.default\">\n\t\t\t\t<div class=\"elementor-widget-container\">\n\t\t\t\t\t\t\t<div class=\"elementor-cta\">\n\t\t\t\t\t<div class=\"elementor-cta__bg-wrapper\">\n\t\t\t\t<div class=\"elementor-cta__bg elementor-bg\" style=\"background-image: url(https:\/\/esgrima-manresa.cat\/wp-content\/uploads\/2022\/07\/MaterialEscolar-576x1024.jpeg);\" role=\"img\" aria-label=\"MaterialEscolar\"><\/div>\n\t\t\t\t<div class=\"elementor-cta__bg-overlay\"><\/div>\n\t\t\t<\/div>\n\t\t\t\t\t\t\t<div class=\"elementor-cta__content\">\n\t\t\t\t\n\t\t\t\t\t\t\t\t\t<h2 class=\"elementor-cta__title elementor-cta__content-item elementor-content-item\">\n\t\t\t\t\t\t\u00c9s segur?\t\t\t\t\t<\/h2>\n\t\t\t\t\n\t\t\t\t\t\t\t\t\t<div class=\"elementor-cta__description elementor-cta__content-item elementor-content-item\">\n\t\t\t\t\t\tLes nostres sessions est\u00e0n enfocades com a iniciaci\u00f3 al nostre esport. Ens centrem principalment a les formes jugades i el nostre material \u00e9s l'adequat per a les sessions a les escoles. La seguretat de l'alumnat va per davant de tot!\t\t\t\t\t<\/div>\n\t\t\t\t\n\t\t\t\t\t\t\t<\/div>\n\t\t\t\t\t\t<\/div>\n\t\t\t\t\t\t<\/div>\n\t\t\t\t<\/div>\n\t\t\t\t\t<\/div>\n\t\t<\/div>\n\t\t\t\t<div class=\"elementor-column elementor-col-33 elementor-top-column elementor-element elementor-element-4654f7d\" data-id=\"4654f7d\" data-element_type=\"column\" data-e-type=\"column\">\n\t\t\t<div class=\"elementor-widget-wrap elementor-element-populated\">\n\t\t\t\t\t\t<div class=\"elementor-element elementor-element-a6b5c51 elementor-cta--layout-image-above elementor-cta--valign-middle elementor-bg-transform elementor-bg-transform-zoom-out elementor-cta--skin-classic elementor-widget elementor-widget-call-to-action\" data-id=\"a6b5c51\" data-element_type=\"widget\" data-e-type=\"widget\" data-widget_type=\"call-to-action.default\">\n\t\t\t\t<div class=\"elementor-widget-container\">\n\t\t\t\t\t\t\t<div class=\"elementor-cta\">\n\t\t\t\t\t<div class=\"elementor-cta__bg-wrapper\">\n\t\t\t\t<div class=\"elementor-cta__bg elementor-bg\" style=\"background-image: url(https:\/\/esgrima-manresa.cat\/wp-content\/uploads\/2022\/07\/SHM-G1-101-1024x683.jpg);\" role=\"img\" aria-label=\"SHM G1-101\"><\/div>\n\t\t\t\t<div class=\"elementor-cta__bg-overlay\"><\/div>\n\t\t\t<\/div>\n\t\t\t\t\t\t\t<div class=\"elementor-cta__content\">\n\t\t\t\t\n\t\t\t\t\t\t\t\t\t<h2 class=\"elementor-cta__title elementor-cta__content-item elementor-content-item\">\n\t\t\t\t\t\tQu\u00e8 necessito?\t\t\t\t\t<\/h2>\n\t\t\t\t\n\t\t\t\t\t\t\t\t\t<div class=\"elementor-cta__description elementor-cta__content-item elementor-content-item\">\n\t\t\t\t\t\tPodeu demanar sessions o monogr\u00e0fics d'esgrima a trav\u00e9s de l'Ajuntament de Manresa o directament amb nosaltres a trav\u00e9s del nostre formulari de contacte, o de l'adre\u00e7a de correu electr\u00f2nic: <a href=\"mailto:info@esgrima-manresa.cat\">info@esgrima-manresa.cat<\/a>\t\t\t\t\t<\/div>\n\t\t\t\t\n\t\t\t\t\t\t\t<\/div>\n\t\t\t\t\t\t<\/div>\n\t\t\t\t\t\t<\/div>\n\t\t\t\t<\/div>\n\t\t\t\t\t<\/div>\n\t\t<\/div>\n\t\t\t\t\t<\/div>\n\t\t<\/section>\n\t\t\t\t<section class=\"elementor-section elementor-top-section elementor-element elementor-element-3060fd1 elementor-section-boxed elementor-section-height-default elementor-section-height-default\" data-id=\"3060fd1\" data-element_type=\"section\" data-e-type=\"section\">\n\t\t\t\t\t\t<div class=\"elementor-container elementor-column-gap-default\">\n\t\t\t\t\t<div class=\"elementor-column elementor-col-100 elementor-top-column elementor-element elementor-element-671cfd4\" data-id=\"671cfd4\" data-element_type=\"column\" data-e-type=\"column\">\n\t\t\t<div class=\"elementor-widget-wrap elementor-element-populated\">\n\t\t\t\t\t\t<div class=\"elementor-element elementor-element-cb6e9ea elementor-skin-carousel elementor-arrows-yes elementor-pagination-type-bullets elementor-pagination-position-outside elementor-widget elementor-widget-media-carousel\" data-id=\"cb6e9ea\" data-element_type=\"widget\" data-e-type=\"widget\" data-settings=\"{&quot;skin&quot;:&quot;carousel&quot;,&quot;effect&quot;:&quot;slide&quot;,&quot;show_arrows&quot;:&quot;yes&quot;,&quot;pagination&quot;:&quot;bullets&quot;,&quot;speed&quot;:500,&quot;autoplay&quot;:&quot;yes&quot;,&quot;autoplay_speed&quot;:5000,&quot;loop&quot;:&quot;yes&quot;,&quot;pause_on_hover&quot;:&quot;yes&quot;,&quot;pause_on_interaction&quot;:&quot;yes&quot;,&quot;space_between&quot;:{&quot;unit&quot;:&quot;px&quot;,&quot;size&quot;:10,&quot;sizes&quot;:[]},&quot;space_between_tablet&quot;:{&quot;unit&quot;:&quot;px&quot;,&quot;size&quot;:10,&quot;sizes&quot;:[]},&quot;space_between_mobile&quot;:{&quot;unit&quot;:&quot;px&quot;,&quot;size&quot;:10,&quot;sizes&quot;:[]}}\" data-widget_type=\"media-carousel.default\">\n\t\t\t\t<div class=\"elementor-widget-container\">\n\t\t\t\t\t\t\t\t\t<div class=\"elementor-swiper\">\n\t\t\t\t\t<div class=\"elementor-main-swiper swiper\" role=\"region\" aria-roledescription=\"carousel\" aria-label=\"Diapositives\">\n\t\t\t\t<div class=\"swiper-wrapper\">\n\t\t\t\t\t\t\t\t\t\t\t<div class=\"swiper-slide\" role=\"group\" aria-roledescription=\"slide\">\n\t\t\t\t\t\t\t\t\t<div class=\"elementor-carousel-image\" role=\"img\" aria-label=\"Escola La S\u00e8quia\" style=\"background-image: url(&#039;https:\/\/esgrima-manresa.cat\/wp-content\/uploads\/2022\/07\/Escola-La-Sequia.jpg&#039;)\">\n\n\t\t\t\n\t\t\t\t\t<\/div>\n\t\t\t\t\t\t\t\t<\/div>\n\t\t\t\t\t\t\t\t\t\t\t<div class=\"swiper-slide\" role=\"group\" aria-roledescription=\"slide\">\n\t\t\t\t\t\t\t\t\t<div class=\"elementor-carousel-image\" role=\"img\" aria-label=\"Escola La Font 003\" style=\"background-image: url(&#039;https:\/\/esgrima-manresa.cat\/wp-content\/uploads\/2022\/07\/Escola-La-Font-003.jpg&#039;)\">\n\n\t\t\t\n\t\t\t\t\t<\/div>\n\t\t\t\t\t\t\t\t<\/div>\n\t\t\t\t\t\t\t\t\t\t\t<div class=\"swiper-slide\" role=\"group\" aria-roledescription=\"slide\">\n\t\t\t\t\t\t\t\t\t<div class=\"elementor-carousel-image\" role=\"img\" aria-label=\"Escola La Font 002\" style=\"background-image: url(&#039;https:\/\/esgrima-manresa.cat\/wp-content\/uploads\/2022\/07\/Escola-La-Font-002.jpg&#039;)\">\n\n\t\t\t\n\t\t\t\t\t<\/div>\n\t\t\t\t\t\t\t\t<\/div>\n\t\t\t\t\t\t\t\t\t\t\t<div class=\"swiper-slide\" role=\"group\" aria-roledescription=\"slide\">\n\t\t\t\t\t\t\t\t\t<div class=\"elementor-carousel-image\" role=\"img\" aria-label=\"Escola Bages 007\" style=\"background-image: url(&#039;https:\/\/esgrima-manresa.cat\/wp-content\/uploads\/2022\/07\/Escola-Bages-007.jpg&#039;)\">\n\n\t\t\t\n\t\t\t\t\t<\/div>\n\t\t\t\t\t\t\t\t<\/div>\n\t\t\t\t\t\t\t\t\t\t\t<div class=\"swiper-slide\" role=\"group\" aria-roledescription=\"slide\">\n\t\t\t\t\t\t\t\t\t<div class=\"elementor-carousel-image\" role=\"img\" aria-label=\"Escola Bages 001\" style=\"background-image: url(&#039;https:\/\/esgrima-manresa.cat\/wp-content\/uploads\/2022\/07\/Escola-Bages-001.jpg&#039;)\">\n\n\t\t\t\n\t\t\t\t\t<\/div>\n\t\t\t\t\t\t\t\t<\/div>\n\t\t\t\t\t\t\t\t\t<\/div>\n\t\t\t\t\t\t\t\t\t\t\t\t\t\t\t<div class=\"elementor-swiper-button elementor-swiper-button-prev\" role=\"button\" tabindex=\"0\" aria-label=\"Previous\">\n\t\t\t\t\t\t\t<i aria-hidden=\"true\" class=\"eicon-chevron-left\"><\/i>\t\t\t\t\t\t<\/div>\n\t\t\t\t\t\t<div class=\"elementor-swiper-button elementor-swiper-button-next\" role=\"button\" tabindex=\"0\" aria-label=\"Next\">\n\t\t\t\t\t\t\t<i aria-hidden=\"true\" class=\"eicon-chevron-right\"><\/i>\t\t\t\t\t\t<\/div>\n\t\t\t\t\t\t\t\t\t\t\t\t\t\t\t\t<div class=\"swiper-pagination\"><\/div>\n\t\t\t\t\t\t\t\t\t\t\t\t<\/div>\n\t\t\t\t<\/div>\n\t\t\t\t\t\t\t\t<\/div>\n\t\t\t\t<\/div>\n\t\t\t\t\t<\/div>\n\t\t<\/div>\n\t\t\t\t\t<\/div>\n\t\t<\/section>\n\t\t\t\t<section class=\"elementor-section elementor-top-section elementor-element elementor-element-5e3b846 elementor-section-boxed elementor-section-height-default elementor-section-height-default\" data-id=\"5e3b846\" data-element_type=\"section\" data-e-type=\"section\" data-settings=\"{&quot;background_motion_fx_devices&quot;:[&quot;desktop&quot;,&quot;tablet&quot;,&quot;mobile&quot;]}\">\n\t\t\t\t\t\t<div class=\"elementor-container elementor-column-gap-default\">\n\t\t\t\t\t<div class=\"elementor-column elementor-col-100 elementor-top-column elementor-element elementor-element-fb7c743\" data-id=\"fb7c743\" data-element_type=\"column\" data-e-type=\"column\">\n\t\t\t<div class=\"elementor-widget-wrap elementor-element-populated\">\n\t\t\t\t\t\t<div class=\"elementor-element elementor-element-6867f88 elementor-widget elementor-widget-heading\" data-id=\"6867f88\" data-element_type=\"widget\" data-e-type=\"widget\" data-widget_type=\"heading.default\">\n\t\t\t\t<div class=\"elementor-widget-container\">\n\t\t\t\t\t<h3 class=\"elementor-heading-title elementor-size-default\">Tens m\u00e9s preguntes?<\/h3>\t\t\t\t<\/div>\n\t\t\t\t<\/div>\n\t\t\t\t<div class=\"elementor-element elementor-element-8ed376a elementor-widget elementor-widget-heading\" data-id=\"8ed376a\" data-element_type=\"widget\" data-e-type=\"widget\" data-widget_type=\"heading.default\">\n\t\t\t\t<div class=\"elementor-widget-container\">\n\t\t\t\t\t<p class=\"elementor-heading-title elementor-size-default\">Consulta el nostre <b><a href=\"https:\/\/esgrima-manresa.cat\/faq\/\">FAQ <a \/><\/b>sobre l'esgrima i el qu\u00e8 fem.<\/p>\t\t\t\t<\/div>\n\t\t\t\t<\/div>\n\t\t\t\t\t<\/div>\n\t\t<\/div>\n\t\t\t\t\t<\/div>\n\t\t<\/section>\n\t\t\t\t<\/div>\n\t\t","protected":false},"excerpt":{"rendered":"<p>Esgrima escolar Sessions a les escoles Descobreix les nostres sessions que oferim a escoles, instituts i centres de formaci\u00f3 de tot tipus. Material segur i adient. Aprenentatge de l&#8217;esgrima a nivell inicial i a trav\u00e9s de les formes jugades. Qu\u00e8 oferim? Classes per nens i nenes des de la prim\u00e0ria [&hellip;]<\/p>\n","protected":false},"author":1,"featured_media":0,"parent":0,"menu_order":0,"comment_status":"closed","ping_status":"closed","template":"elementor_header_footer","meta":{"footnotes":""},"class_list":["post-6506","page","type-page","status-publish","hentry"],"yoast_head":"<!-- This site is optimized with the Yoast SEO plugin v27.4 - https:\/\/yoast.com\/product\/yoast-seo-wordpress\/ -->\n<title>Esgrima Escolar - Club d&#039;Esgrima SH Manresa Apr\u00e8n divertint-te!<\/title>\n<meta name=\"description\" content=\"Realitzem classes per a escoles i grups! Aprofita ara per a reservar una o v\u00e0ries sessions a les que aprendr\u00e0s esgrima, diversi\u00f3 garantida!\" \/>\n<meta name=\"robots\" content=\"index, follow, max-snippet:-1, max-image-preview:large, max-video-preview:-1\" \/>\n<link rel=\"canonical\" href=\"https:\/\/esgrima-manresa.cat\/es\/esgrima-escolar\/\" \/>\n<meta property=\"og:locale\" content=\"es_ES\" \/>\n<meta property=\"og:type\" content=\"article\" \/>\n<meta property=\"og:title\" content=\"Esgrima Escolar - Club d&#039;Esgrima SH Manresa Apr\u00e8n divertint-te!\" \/>\n<meta property=\"og:description\" content=\"Realitzem classes per a escoles i grups! Aprofita ara per a reservar una o v\u00e0ries sessions a les que aprendr\u00e0s esgrima, diversi\u00f3 garantida!\" \/>\n<meta property=\"og:url\" content=\"https:\/\/esgrima-manresa.cat\/es\/esgrima-escolar\/\" \/>\n<meta property=\"og:site_name\" content=\"Club d&#039;Esgrima SH Manresa\" \/>\n<meta property=\"article:publisher\" content=\"https:\/\/www.facebook.com\/esgrima.manresa\" \/>\n<meta property=\"article:modified_time\" content=\"2024-08-09T05:08:41+00:00\" \/>\n<meta name=\"twitter:card\" content=\"summary_large_image\" \/>\n<meta name=\"twitter:site\" content=\"@esgrimashm\" \/>\n<meta name=\"twitter:label1\" content=\"Tiempo de lectura\" \/>\n\t<meta name=\"twitter:data1\" content=\"1 minuto\" \/>\n<script type=\"application\/ld+json\" class=\"yoast-schema-graph\">{\"@context\":\"https:\\\/\\\/schema.org\",\"@graph\":[{\"@type\":\"WebPage\",\"@id\":\"https:\\\/\\\/esgrima-manresa.cat\\\/esgrima-escolar\\\/\",\"url\":\"https:\\\/\\\/esgrima-manresa.cat\\\/esgrima-escolar\\\/\",\"name\":\"Esgrima Escolar - Club d'Esgrima SH Manresa Apr\u00e8n divertint-te!\",\"isPartOf\":{\"@id\":\"https:\\\/\\\/esgrima-manresa.cat\\\/ca\\\/#website\"},\"datePublished\":\"2022-07-18T17:04:44+00:00\",\"dateModified\":\"2024-08-09T05:08:41+00:00\",\"description\":\"Realitzem classes per a escoles i grups! Aprofita ara per a reservar una o v\u00e0ries sessions a les que aprendr\u00e0s esgrima, diversi\u00f3 garantida!\",\"breadcrumb\":{\"@id\":\"https:\\\/\\\/esgrima-manresa.cat\\\/esgrima-escolar\\\/#breadcrumb\"},\"inLanguage\":\"es\",\"potentialAction\":[{\"@type\":\"ReadAction\",\"target\":[\"https:\\\/\\\/esgrima-manresa.cat\\\/esgrima-escolar\\\/\"]}]},{\"@type\":\"BreadcrumbList\",\"@id\":\"https:\\\/\\\/esgrima-manresa.cat\\\/esgrima-escolar\\\/#breadcrumb\",\"itemListElement\":[{\"@type\":\"ListItem\",\"position\":1,\"name\":\"Inici\",\"item\":\"https:\\\/\\\/esgrima-manresa.cat\\\/\"},{\"@type\":\"ListItem\",\"position\":2,\"name\":\"Esgrima Escolar\"}]},{\"@type\":\"WebSite\",\"@id\":\"https:\\\/\\\/esgrima-manresa.cat\\\/ca\\\/#website\",\"url\":\"https:\\\/\\\/esgrima-manresa.cat\\\/ca\\\/\",\"name\":\"Club d'Esgrima SH Manresa\",\"description\":\"Club d'Esgrima a la ciutat de Manresa\",\"publisher\":{\"@id\":\"https:\\\/\\\/esgrima-manresa.cat\\\/ca\\\/#organization\"},\"potentialAction\":[{\"@type\":\"SearchAction\",\"target\":{\"@type\":\"EntryPoint\",\"urlTemplate\":\"https:\\\/\\\/esgrima-manresa.cat\\\/ca\\\/?s={search_term_string}\"},\"query-input\":{\"@type\":\"PropertyValueSpecification\",\"valueRequired\":true,\"valueName\":\"search_term_string\"}}],\"inLanguage\":\"es\"},{\"@type\":\"Organization\",\"@id\":\"https:\\\/\\\/esgrima-manresa.cat\\\/ca\\\/#organization\",\"name\":\"Club Esgrima SH Manresa\",\"url\":\"https:\\\/\\\/esgrima-manresa.cat\\\/ca\\\/\",\"logo\":{\"@type\":\"ImageObject\",\"inLanguage\":\"es\",\"@id\":\"https:\\\/\\\/esgrima-manresa.cat\\\/ca\\\/#\\\/schema\\\/logo\\\/image\\\/\",\"url\":\"https:\\\/\\\/esgrima-manresa.cat\\\/wp-content\\\/uploads\\\/2022\\\/07\\\/newlogoSQ-1024x1024-1.png\",\"contentUrl\":\"https:\\\/\\\/esgrima-manresa.cat\\\/wp-content\\\/uploads\\\/2022\\\/07\\\/newlogoSQ-1024x1024-1.png\",\"width\":1024,\"height\":1024,\"caption\":\"Club Esgrima SH Manresa\"},\"image\":{\"@id\":\"https:\\\/\\\/esgrima-manresa.cat\\\/ca\\\/#\\\/schema\\\/logo\\\/image\\\/\"},\"sameAs\":[\"https:\\\/\\\/www.facebook.com\\\/esgrima.manresa\",\"https:\\\/\\\/x.com\\\/esgrimashm\",\"https:\\\/\\\/www.instagram.com\\\/esgrima.manresa\\\/\",\"https:\\\/\\\/www.youtube.com\\\/channel\\\/UCMipZdwrXRZhKagmz3Ob8Rg\"]}]}<\/script>\n<!-- \/ Yoast SEO plugin. -->","yoast_head_json":{"title":"Esgrima Escolar - Club d'Esgrima SH Manresa Apr\u00e8n divertint-te!","description":"Realitzem classes per a escoles i grups! Aprofita ara per a reservar una o v\u00e0ries sessions a les que aprendr\u00e0s esgrima, diversi\u00f3 garantida!","robots":{"index":"index","follow":"follow","max-snippet":"max-snippet:-1","max-image-preview":"max-image-preview:large","max-video-preview":"max-video-preview:-1"},"canonical":"https:\/\/esgrima-manresa.cat\/es\/esgrima-escolar\/","og_locale":"es_ES","og_type":"article","og_title":"Esgrima Escolar - Club d'Esgrima SH Manresa Apr\u00e8n divertint-te!","og_description":"Realitzem classes per a escoles i grups! Aprofita ara per a reservar una o v\u00e0ries sessions a les que aprendr\u00e0s esgrima, diversi\u00f3 garantida!","og_url":"https:\/\/esgrima-manresa.cat\/es\/esgrima-escolar\/","og_site_name":"Club d'Esgrima SH Manresa","article_publisher":"https:\/\/www.facebook.com\/esgrima.manresa","article_modified_time":"2024-08-09T05:08:41+00:00","twitter_card":"summary_large_image","twitter_site":"@esgrimashm","twitter_misc":{"Tiempo de lectura":"1 minuto"},"schema":{"@context":"https:\/\/schema.org","@graph":[{"@type":"WebPage","@id":"https:\/\/esgrima-manresa.cat\/esgrima-escolar\/","url":"https:\/\/esgrima-manresa.cat\/esgrima-escolar\/","name":"Esgrima Escolar - Club d'Esgrima SH Manresa Apr\u00e8n divertint-te!","isPartOf":{"@id":"https:\/\/esgrima-manresa.cat\/ca\/#website"},"datePublished":"2022-07-18T17:04:44+00:00","dateModified":"2024-08-09T05:08:41+00:00","description":"Realitzem classes per a escoles i grups! Aprofita ara per a reservar una o v\u00e0ries sessions a les que aprendr\u00e0s esgrima, diversi\u00f3 garantida!","breadcrumb":{"@id":"https:\/\/esgrima-manresa.cat\/esgrima-escolar\/#breadcrumb"},"inLanguage":"es","potentialAction":[{"@type":"ReadAction","target":["https:\/\/esgrima-manresa.cat\/esgrima-escolar\/"]}]},{"@type":"BreadcrumbList","@id":"https:\/\/esgrima-manresa.cat\/esgrima-escolar\/#breadcrumb","itemListElement":[{"@type":"ListItem","position":1,"name":"Inici","item":"https:\/\/esgrima-manresa.cat\/"},{"@type":"ListItem","position":2,"name":"Esgrima Escolar"}]},{"@type":"WebSite","@id":"https:\/\/esgrima-manresa.cat\/ca\/#website","url":"https:\/\/esgrima-manresa.cat\/ca\/","name":"Club de Esgrima SH Manresa","description":"Club d'Esgrima a la ciutat de Manresa","publisher":{"@id":"https:\/\/esgrima-manresa.cat\/ca\/#organization"},"potentialAction":[{"@type":"SearchAction","target":{"@type":"EntryPoint","urlTemplate":"https:\/\/esgrima-manresa.cat\/ca\/?s={search_term_string}"},"query-input":{"@type":"PropertyValueSpecification","valueRequired":true,"valueName":"search_term_string"}}],"inLanguage":"es"},{"@type":"Organization","@id":"https:\/\/esgrima-manresa.cat\/ca\/#organization","name":"Club Esgrima SH Manresa","url":"https:\/\/esgrima-manresa.cat\/ca\/","logo":{"@type":"ImageObject","inLanguage":"es","@id":"https:\/\/esgrima-manresa.cat\/ca\/#\/schema\/logo\/image\/","url":"https:\/\/esgrima-manresa.cat\/wp-content\/uploads\/2022\/07\/newlogoSQ-1024x1024-1.png","contentUrl":"https:\/\/esgrima-manresa.cat\/wp-content\/uploads\/2022\/07\/newlogoSQ-1024x1024-1.png","width":1024,"height":1024,"caption":"Club Esgrima SH Manresa"},"image":{"@id":"https:\/\/esgrima-manresa.cat\/ca\/#\/schema\/logo\/image\/"},"sameAs":["https:\/\/www.facebook.com\/esgrima.manresa","https:\/\/x.com\/esgrimashm","https:\/\/www.instagram.com\/esgrima.manresa\/","https:\/\/www.youtube.com\/channel\/UCMipZdwrXRZhKagmz3Ob8Rg"]}]}},"jetpack_sharing_enabled":false,"_links":{"self":[{"href":"https:\/\/esgrima-manresa.cat\/es\/wp-json\/wp\/v2\/pages\/6506","targetHints":{"allow":["GET"]}}],"collection":[{"href":"https:\/\/esgrima-manresa.cat\/es\/wp-json\/wp\/v2\/pages"}],"about":[{"href":"https:\/\/esgrima-manresa.cat\/es\/wp-json\/wp\/v2\/types\/page"}],"author":[{"embeddable":true,"href":"https:\/\/esgrima-manresa.cat\/es\/wp-json\/wp\/v2\/users\/1"}],"replies":[{"embeddable":true,"href":"https:\/\/esgrima-manresa.cat\/es\/wp-json\/wp\/v2\/comments?post=6506"}],"version-history":[{"count":69,"href":"https:\/\/esgrima-manresa.cat\/es\/wp-json\/wp\/v2\/pages\/6506\/revisions"}],"predecessor-version":[{"id":8539,"href":"https:\/\/esgrima-manresa.cat\/es\/wp-json\/wp\/v2\/pages\/6506\/revisions\/8539"}],"wp:attachment":[{"href":"https:\/\/esgrima-manresa.cat\/es\/wp-json\/wp\/v2\/media?parent=6506"}],"curies":[{"name":"wp","href":"https:\/\/api.w.org\/{rel}","templated":true}]}}